{"id":2954,"date":"2020-04-08T19:57:47","date_gmt":"2020-04-08T19:57:47","guid":{"rendered":"https:\/\/lightup.lv\/product\/gonesse-modula-divans\/"},"modified":"2024-01-29T11:54:56","modified_gmt":"2024-01-29T11:54:56","slug":"gonesse-modula-divans","status":"publish","type":"product","link":"https:\/\/lightup.lv\/lt\/produktu-katalogas\/gonesse-modula-divans\/","title":{"rendered":"Gonesse modu\u013ca d\u012bv\u0101ns"},"content":{"rendered":"<p>Kr\u0101sa : Gai\u0161i pel\u0113ka\/ melna<br \/>\nTr\u012bsda\u013c\u012bgs d\u012bv\u0101ns no b\u0113\u0161a palmukoka pinuma ar m\u012bkstiem spilveniem.<\/p>\n<p>ID 1179-7-71<\/p>","protected":false},"excerpt":{"rendered":"<p>Gonesse ir moderna, modul\u0101ra lounge s\u0113rija, kas sast\u0101v tikai no trim da\u013c\u0101m, aizmugures sekcijas ar st\u016bra risin\u0101jumu un div\u0101m identisk\u0101m br\u012bvi st\u0101vo\u0161\u0101m divviet\u012bg\u0101m sekcij\u0101m. Atzveltnei ir atv\u0113rts dizains. Gonese terases m\u0113be\u013cu s\u0113riju no Brafab var izmantot k\u0101 tradicion\u0101lu st\u016bra grupu ar diviem va\u013c\u012bgiem roku atbalsta spilveniem k\u0101 gala vai kakla balstus. Komplektu var p\u0101rv\u0113rst ar\u012b par saules sargu diviem.<\/p>\n<p>Izstr\u0101d\u0101jis Hugo De Ruiters.<\/p>","protected":false},"featured_media":2955,"template":"","meta":{"_acf_changed":false},"product_brand":[],"product_cat":[73,50],"product_tag":[52],"class_list":{"0":"post-2954","1":"product","2":"type-product","3":"status-publish","4":"has-post-thumbnail","6":"product_cat-divani-terases","7":"product_cat-terases-mebeles","8":"product_tag-brafab","10":"first","11":"instock","12":"shipping-taxable","13":"purchasable","14":"product-type-simple"},"acf":[],"_links":{"self":[{"href":"https:\/\/lightup.lv\/lt\/wp-json\/wp\/v2\/product\/2954","targetHints":{"allow":["GET"]}}],"collection":[{"href":"https:\/\/lightup.lv\/lt\/wp-json\/wp\/v2\/product"}],"about":[{"href":"https:\/\/lightup.lv\/lt\/wp-json\/wp\/v2\/types\/product"}],"wp:featuredmedia":[{"embeddable":true,"href":"https:\/\/lightup.lv\/lt\/wp-json\/wp\/v2\/media\/2955"}],"wp:attachment":[{"href":"https:\/\/lightup.lv\/lt\/wp-json\/wp\/v2\/media?parent=2954"}],"wp:term":[{"taxonomy":"product_brand","embeddable":true,"href":"https:\/\/lightup.lv\/lt\/wp-json\/wp\/v2\/product_brand?post=2954"},{"taxonomy":"product_cat","embeddable":true,"href":"https:\/\/lightup.lv\/lt\/wp-json\/wp\/v2\/product_cat?post=2954"},{"taxonomy":"product_tag","embeddable":true,"href":"https:\/\/lightup.lv\/lt\/wp-json\/wp\/v2\/product_tag?post=2954"}],"curies":[{"name":"wp","href":"https:\/\/api.w.org\/{rel}","templated":true}]}}