{"id":2998,"date":"2020-04-09T08:40:55","date_gmt":"2020-04-09T08:40:55","guid":{"rendered":"https:\/\/lightup.lv\/product\/nizza-terases-komplekts\/"},"modified":"2024-01-30T08:16:05","modified_gmt":"2024-01-30T08:16:05","slug":"nizza-terases-komplekts","status":"publish","type":"product","link":"https:\/\/lightup.lv\/lt\/produktu-katalogas\/nizza-terases-komplekts\/","title":{"rendered":"NIZZA terasos komplektas"},"content":{"rendered":"<p><strong>NIZZA terasos komplektas<\/strong> \/ iesp\u0113jams pas\u016bt\u012bt katru produktu atsevi\u0161\u0137i<br \/>\nKoplekt\u0101 ietilpst : Divi atp\u016btas kr\u0113sli, d\u012bv\u0101ns, \u017eurn\u0101lu galdi\u0146\u0161 .<\/p>\n<p>Kr\u0101sas : antrac\u012bts\/br\u016bns<\/p>\n<p>NIZZA terases m\u0113be\u013cu komplekts, alum\u012bnija r\u0101mis, mitrumiztur\u012bg\u0101 auduma s\u0113de un spilveni, kr\u0113sla muguras balsts vaidot no p\u012btas gumijas virves.<\/p>\n<p><strong>Atp\u016btas kr\u0113sls: 750,20 euro<\/strong><br \/>\nS\u0113des augstums : 40 cm<br \/>\nKr\u0113sla platums : 76 cm<br \/>\nKr\u0113sla augstums : 70 cm<\/p>\n<p><strong>D\u012bv\u0101ns : 1246,30 euro<\/strong><br \/>\nS\u0113des augstums : 40 cm<br \/>\nPlatums : 166 cm<br \/>\nAugstums : 70 cm<\/p>\n<p><strong>Galdi\u0146\u0161: 302,50 euro<\/strong><br \/>\nAugstums: 37 cm<br \/>\nGarums: 110 cm<br \/>\nPlatums: 60 cm<\/p>\n<p>ID NizzaSET<\/p>","protected":false},"excerpt":{"rendered":"<p>\u201eGrattoni\u201c buvo \u012fkurta 1972 m. San Giovanni al Natisone \u2013 Italijos k\u0117d\u017ei\u0173 rajono \u0161irdyje \u2013 kaip klasikinio dizaino k\u0117d\u017ei\u0173 gamintoja. 2010 m. \u012fmon\u0117 specializavosi komercin\u0117je veikloje, importuodama kokybi\u0161kus terasos baldus. Tarp j\u0173 \u2013 k\u0117d\u0117s, sofos, foteliai, stalai ir stal\u0173 pagrindai, skirti naudoti viduje ir lauke, skirti gyvenamosioms ir svetingumo \u012fmon\u0117ms.<\/p>","protected":false},"featured_media":2999,"template":"","meta":{"_acf_changed":false},"product_brand":[],"product_cat":[73,50],"product_tag":[66],"class_list":{"0":"post-2998","1":"product","2":"type-product","3":"status-publish","4":"has-post-thumbnail","6":"product_cat-divani-terases","7":"product_cat-terases-mebeles","8":"product_tag-grattoni","10":"first","11":"instock","12":"shipping-taxable","13":"purchasable","14":"product-type-simple"},"acf":[],"_links":{"self":[{"href":"https:\/\/lightup.lv\/lt\/wp-json\/wp\/v2\/product\/2998","targetHints":{"allow":["GET"]}}],"collection":[{"href":"https:\/\/lightup.lv\/lt\/wp-json\/wp\/v2\/product"}],"about":[{"href":"https:\/\/lightup.lv\/lt\/wp-json\/wp\/v2\/types\/product"}],"wp:featuredmedia":[{"embeddable":true,"href":"https:\/\/lightup.lv\/lt\/wp-json\/wp\/v2\/media\/2999"}],"wp:attachment":[{"href":"https:\/\/lightup.lv\/lt\/wp-json\/wp\/v2\/media?parent=2998"}],"wp:term":[{"taxonomy":"product_brand","embeddable":true,"href":"https:\/\/lightup.lv\/lt\/wp-json\/wp\/v2\/product_brand?post=2998"},{"taxonomy":"product_cat","embeddable":true,"href":"https:\/\/lightup.lv\/lt\/wp-json\/wp\/v2\/product_cat?post=2998"},{"taxonomy":"product_tag","embeddable":true,"href":"https:\/\/lightup.lv\/lt\/wp-json\/wp\/v2\/product_tag?post=2998"}],"curies":[{"name":"wp","href":"https:\/\/api.w.org\/{rel}","templated":true}]}}