{"id":3009,"date":"2020-04-09T09:09:01","date_gmt":"2020-04-09T09:09:01","guid":{"rendered":"https:\/\/lightup.lv\/product\/cuba-terases-komplekts\/"},"modified":"2024-01-30T07:52:55","modified_gmt":"2024-01-30T07:52:55","slug":"cuba-terases-komplekts","status":"publish","type":"product","link":"https:\/\/lightup.lv\/lt\/produktu-katalogas\/cuba-terases-komplekts\/","title":{"rendered":"Kubos terasos komplektas"},"content":{"rendered":"<p><strong>Kubos terasos komplektas<\/strong> \/ iesp\u0113jams pas\u016bt\u012bt katru produktu atsevi\u0161\u0137i<br \/>\nKoplekt\u0101 ietilpst : Divi atp\u016btas kr\u0113sli, d\u012bv\u0101ns, \u017eurn\u0101lu galdi\u0146\u0161 .<\/p>\n<p>Kr\u0101sas : Antrac\u012bts\/br\u016bns , Melns\/tum\u0161i pel\u0113ks,<\/p>\n<p>CUBA terases m\u0113be\u013cu komplekts, alum\u012bnija r\u0101mis, mitrumiztur\u012bg\u0101 auduma s\u0113de un spilveni, kr\u0113sla muguras balsts vaidot no p\u012btas virves virves.<\/p>\n<p><strong>Atp\u016btas kr\u0113sls: 617,10 euro<\/strong><br \/>\nS\u0113des augstums : 45 cm<br \/>\nKr\u0113sla platums : 75 cm<br \/>\nKr\u0113sla augstums : 74 cm<\/p>\n<p><strong>D\u012bv\u0101ns : 931,70 euro<\/strong><br \/>\nS\u0113des augstums : 45 cm<br \/>\nPlatums : 135cm<br \/>\nAugstums : 74 cm<\/p>\n<p><strong>Galdi\u0146\u0161: 302,50 euro<\/strong><br \/>\nAugstums: 38 cm<br \/>\nGarums: 110 cm<br \/>\nPlatums: 60 cm<\/p>\n<p>ID Cuba2set<\/p>","protected":false},"excerpt":{"rendered":"<p>\u201eGrattoni\u201c buvo \u012fkurta 1972 m. San Giovanni al Natisone \u2013 Italijos k\u0117d\u017ei\u0173 rajono \u0161irdyje \u2013 kaip klasikinio dizaino k\u0117d\u017ei\u0173 gamintoja. 2010 m. \u012fmon\u0117 specializavosi komercin\u0117je veikloje, importuodama kokybi\u0161kus terasos baldus. Tarp j\u0173 \u2013 k\u0117d\u0117s, sofos, foteliai, stalai ir stal\u0173 pagrindai, skirti naudoti viduje ir lauke, skirti gyvenamosioms ir svetingumo \u012fmon\u0117ms.<\/p>","protected":false},"featured_media":3010,"template":"","meta":{"_acf_changed":false},"product_brand":[],"product_cat":[73,50],"product_tag":[66],"class_list":{"0":"post-3009","1":"product","2":"type-product","3":"status-publish","4":"has-post-thumbnail","6":"product_cat-divani-terases","7":"product_cat-terases-mebeles","8":"product_tag-grattoni","10":"first","11":"instock","12":"shipping-taxable","13":"purchasable","14":"product-type-simple"},"acf":[],"_links":{"self":[{"href":"https:\/\/lightup.lv\/lt\/wp-json\/wp\/v2\/product\/3009","targetHints":{"allow":["GET"]}}],"collection":[{"href":"https:\/\/lightup.lv\/lt\/wp-json\/wp\/v2\/product"}],"about":[{"href":"https:\/\/lightup.lv\/lt\/wp-json\/wp\/v2\/types\/product"}],"wp:featuredmedia":[{"embeddable":true,"href":"https:\/\/lightup.lv\/lt\/wp-json\/wp\/v2\/media\/3010"}],"wp:attachment":[{"href":"https:\/\/lightup.lv\/lt\/wp-json\/wp\/v2\/media?parent=3009"}],"wp:term":[{"taxonomy":"product_brand","embeddable":true,"href":"https:\/\/lightup.lv\/lt\/wp-json\/wp\/v2\/product_brand?post=3009"},{"taxonomy":"product_cat","embeddable":true,"href":"https:\/\/lightup.lv\/lt\/wp-json\/wp\/v2\/product_cat?post=3009"},{"taxonomy":"product_tag","embeddable":true,"href":"https:\/\/lightup.lv\/lt\/wp-json\/wp\/v2\/product_tag?post=3009"}],"curies":[{"name":"wp","href":"https:\/\/api.w.org\/{rel}","templated":true}]}}