{"id":3069,"date":"2020-04-09T17:21:03","date_gmt":"2020-04-09T17:21:03","guid":{"rendered":"https:\/\/lightup.lv\/product\/covelo-trisvietigs-divans\/"},"modified":"2024-01-29T11:51:36","modified_gmt":"2024-01-29T11:51:36","slug":"covelo-trisvietigs-divans","status":"publish","type":"product","link":"https:\/\/lightup.lv\/lt\/produktu-katalogas\/covelo-trisvietigs-divans\/","title":{"rendered":"Covelo tr\u012bsviet\u012bgs d\u012bv\u0101ns"},"content":{"rendered":"<p>Kr\u0101sa: Balts\/ br\u016bns<br \/>\nPlatums : 188 cm<br \/>\nGarums : 77 cm<br \/>\nAugstums :79 cm<br \/>\nS\u0117dyn\u0117s auk\u0161tis: 45 cm<br \/>\nGais\u012bga un viegla dizaina tr\u012bsviet\u012bgs d\u012bv\u0101ns br\u016bn\u0101 kr\u0101s\u0101 no iztur\u012bga m\u0101ksl\u012bg\u0101 rotanga ar dabisku izskatu.<\/p>\n<p>ID 5393-65-2<\/p>","protected":false},"excerpt":{"rendered":"<p>\u201eCovelo\u201c terasos bald\u0173 serija pagaminta i\u0161 lengvo, patvaraus, nat\u016bralios i\u0161vaizdos dirbtinio rotango vyteli\u0173. Puikus s\u0117d\u0117jimo komfortas ir auk\u0161tas prigludimas sukuria ypating\u0105 poj\u016bt\u012f. Serij\u0105 sudaro trij\u0173 viet\u0173 sofa, patogus fotelis, kavos staliukas ir valgomojo k\u0117d\u0117.<\/p>","protected":false},"featured_media":3070,"template":"","meta":{"_acf_changed":false},"product_brand":[],"product_cat":[73,50],"product_tag":[52],"class_list":{"0":"post-3069","1":"product","2":"type-product","3":"status-publish","4":"has-post-thumbnail","6":"product_cat-divani-terases","7":"product_cat-terases-mebeles","8":"product_tag-brafab","10":"first","11":"instock","12":"shipping-taxable","13":"purchasable","14":"product-type-simple"},"acf":[],"_links":{"self":[{"href":"https:\/\/lightup.lv\/lt\/wp-json\/wp\/v2\/product\/3069","targetHints":{"allow":["GET"]}}],"collection":[{"href":"https:\/\/lightup.lv\/lt\/wp-json\/wp\/v2\/product"}],"about":[{"href":"https:\/\/lightup.lv\/lt\/wp-json\/wp\/v2\/types\/product"}],"wp:featuredmedia":[{"embeddable":true,"href":"https:\/\/lightup.lv\/lt\/wp-json\/wp\/v2\/media\/3070"}],"wp:attachment":[{"href":"https:\/\/lightup.lv\/lt\/wp-json\/wp\/v2\/media?parent=3069"}],"wp:term":[{"taxonomy":"product_brand","embeddable":true,"href":"https:\/\/lightup.lv\/lt\/wp-json\/wp\/v2\/product_brand?post=3069"},{"taxonomy":"product_cat","embeddable":true,"href":"https:\/\/lightup.lv\/lt\/wp-json\/wp\/v2\/product_cat?post=3069"},{"taxonomy":"product_tag","embeddable":true,"href":"https:\/\/lightup.lv\/lt\/wp-json\/wp\/v2\/product_tag?post=3069"}],"curies":[{"name":"wp","href":"https:\/\/api.w.org\/{rel}","templated":true}]}}