{"id":3083,"date":"2020-04-10T16:45:13","date_gmt":"2020-04-10T16:45:13","guid":{"rendered":"https:\/\/lightup.lv\/product\/vence-divvietigs-divans\/"},"modified":"2024-01-29T11:50:27","modified_gmt":"2024-01-29T11:50:27","slug":"vence-divvietigs-divans","status":"publish","type":"product","link":"https:\/\/lightup.lv\/lt\/produktu-katalogas\/vence-divvietigs-divans\/","title":{"rendered":"Vence divviet\u012bgs d\u012bv\u0101ns"},"content":{"rendered":"<p>Kr\u0101sa: Pel\u0113ks\/ Peoniju roz\u0101<br \/>\nPlatums : 167\u00a0 cm<br \/>\nGarums : 76 cm<br \/>\nAugstums : 81\u00a0 cm<br \/>\nM\u012bksts un \u0113rts divviet\u012bgs d\u012bv\u0101ns pel\u0113k\u0101 vai roz\u0101 kr\u0101s\u0101.<\/p>\n<p>ID 4072-05-07<\/p>","protected":false},"excerpt":{"rendered":"<p>Dizains un komforts harmonisk\u0101 kombin\u0101cij\u0101, kam rakstur\u012b\u0123as t\u012bras l\u012bnijas pedantisk\u0101 dizain\u0101 rada stil\u012bgu komfortu. Vence ir skaista no vis\u0101m pus\u0113m, un t\u0101s harmonisk\u0101s proporcijas \u013cauj tai ie\u0146emt centr\u0101lo poz\u012bciju jebkur\u0101 telp\u0101. M\u012bksts\u00a0 d\u012bv\u0101ns ar piel\u0101gotiem aizmugures spilveniem, kas nodro\u0161ina lielisku komfortu. S\u0113rija sast\u0101v no \u010detr\u0101m sekcij\u0101m, tr\u012bsviet\u012bga un divviet\u012bga d\u012bv\u0101na, lai pal\u012bdz\u0113tu viegli izveidot ide\u0101lo s\u0113dvietu grupu. Vannes un Taverny galdi rada lieliskus aksesu\u0101rus.<\/p>","protected":false},"featured_media":3084,"template":"","meta":{"_acf_changed":false},"product_brand":[],"product_cat":[73,50],"product_tag":[52],"class_list":{"0":"post-3083","1":"product","2":"type-product","3":"status-publish","4":"has-post-thumbnail","6":"product_cat-divani-terases","7":"product_cat-terases-mebeles","8":"product_tag-brafab","10":"first","11":"instock","12":"shipping-taxable","13":"purchasable","14":"product-type-simple"},"acf":[],"_links":{"self":[{"href":"https:\/\/lightup.lv\/lt\/wp-json\/wp\/v2\/product\/3083","targetHints":{"allow":["GET"]}}],"collection":[{"href":"https:\/\/lightup.lv\/lt\/wp-json\/wp\/v2\/product"}],"about":[{"href":"https:\/\/lightup.lv\/lt\/wp-json\/wp\/v2\/types\/product"}],"wp:featuredmedia":[{"embeddable":true,"href":"https:\/\/lightup.lv\/lt\/wp-json\/wp\/v2\/media\/3084"}],"wp:attachment":[{"href":"https:\/\/lightup.lv\/lt\/wp-json\/wp\/v2\/media?parent=3083"}],"wp:term":[{"taxonomy":"product_brand","embeddable":true,"href":"https:\/\/lightup.lv\/lt\/wp-json\/wp\/v2\/product_brand?post=3083"},{"taxonomy":"product_cat","embeddable":true,"href":"https:\/\/lightup.lv\/lt\/wp-json\/wp\/v2\/product_cat?post=3083"},{"taxonomy":"product_tag","embeddable":true,"href":"https:\/\/lightup.lv\/lt\/wp-json\/wp\/v2\/product_tag?post=3083"}],"curies":[{"name":"wp","href":"https:\/\/api.w.org\/{rel}","templated":true}]}}