{"id":31759,"date":"2019-11-28T11:13:25","date_gmt":"2019-11-28T09:13:25","guid":{"rendered":"https:\/\/lightup.lv\/precu-katalogs\/cloud-chair-meteorite-black-velvet\/"},"modified":"2025-05-17T13:27:52","modified_gmt":"2025-05-17T11:27:52","slug":"cloud-chair-meteorite-black-velvet","status":"publish","type":"product","link":"https:\/\/lightup.lv\/lt\/produktu-katalogas\/cloud-chair-meteorite-black-velvet\/","title":{"rendered":"Cloud chair &#8211; meteorite black velvet"},"content":{"rendered":"<p>Kr\u0113sla augstums \u2013 85cm<\/p>\n<p>K\u0117d\u0117s ilgis \u2013 50 cm<\/p>\n<p>S\u0113des platums \u2013 56 cm<\/p>\n<p>S\u0113des augstums \u2013 48 cm<\/p>\n<p>Melns samta auduma s\u0113\u017eam\u0101 da\u013ca ar meln\u0101m met\u0101la k\u0101j\u0101m<\/p>\n<p>ID 100800230<\/p>","protected":false},"excerpt":{"rendered":"<p>DAN-FORM \u2013 tai Danijos prek\u0117s \u017eenklas, gaminantis auk\u0161tos kokyb\u0117s baldus. Asortiment\u0105 sudaro valgomojo k\u0117d\u0117s, baro k\u0117d\u0117s, poilsio k\u0117d\u0117s, biuro k\u0117d\u0117s ir stalai. DAN-FORM si\u016blomi baldai yra prieinamos kainos ir gali b\u016bti naudojami restoranuose, vie\u0161bu\u010diuose, biuruose ir nam\u0173 \u016bkiuose. Gamintojo asortiment\u0105 sudaro odin\u0117s, dirbtin\u0117s odos, audinio, metalin\u0117s ir plastikin\u0117s k\u0117d\u0117s, taip pat mediniai stalai ir kavos staliukai.<\/p>","protected":false},"featured_media":35770,"template":"","meta":{"_acf_changed":false},"product_brand":[],"product_cat":[28,38],"product_tag":[37],"class_list":{"0":"post-31759","1":"product","2":"type-product","3":"status-publish","4":"has-post-thumbnail","6":"product_cat-kresli","7":"product_cat-kresli-pie-galda","8":"product_tag-dan-form","10":"first","11":"instock","12":"sale","13":"shipping-taxable","14":"purchasable","15":"product-type-simple"},"acf":[],"_links":{"self":[{"href":"https:\/\/lightup.lv\/lt\/wp-json\/wp\/v2\/product\/31759","targetHints":{"allow":["GET"]}}],"collection":[{"href":"https:\/\/lightup.lv\/lt\/wp-json\/wp\/v2\/product"}],"about":[{"href":"https:\/\/lightup.lv\/lt\/wp-json\/wp\/v2\/types\/product"}],"wp:featuredmedia":[{"embeddable":true,"href":"https:\/\/lightup.lv\/lt\/wp-json\/wp\/v2\/media\/35770"}],"wp:attachment":[{"href":"https:\/\/lightup.lv\/lt\/wp-json\/wp\/v2\/media?parent=31759"}],"wp:term":[{"taxonomy":"product_brand","embeddable":true,"href":"https:\/\/lightup.lv\/lt\/wp-json\/wp\/v2\/product_brand?post=31759"},{"taxonomy":"product_cat","embeddable":true,"href":"https:\/\/lightup.lv\/lt\/wp-json\/wp\/v2\/product_cat?post=31759"},{"taxonomy":"product_tag","embeddable":true,"href":"https:\/\/lightup.lv\/lt\/wp-json\/wp\/v2\/product_tag?post=31759"}],"curies":[{"name":"wp","href":"https:\/\/api.w.org\/{rel}","templated":true}]}}