{"id":31809,"date":"2020-02-11T13:58:33","date_gmt":"2020-02-11T11:58:33","guid":{"rendered":"https:\/\/lightup.lv\/precu-katalogs\/hype-melns-adas-bara-kresls\/"},"modified":"2024-04-02T10:32:17","modified_gmt":"2024-04-02T08:32:17","slug":"hype-melns-adas-bara-kresls","status":"publish","type":"product","link":"https:\/\/lightup.lv\/lt\/produktu-katalogas\/hype-melns-adas-bara-kresls\/","title":{"rendered":"Hype &#8211; Melns \u0101das b\u0101ra kr\u0113sls"},"content":{"rendered":"<p>Baro k\u0117d\u0117:<\/p>\n<p>Kr\u0113sla augstums \u2013 101 cm<\/p>\n<p>K\u0117d\u0117s ilgis \u2013 49 cm<\/p>\n<p>S\u0113des platums \u2013 53 cm<\/p>\n<p>S\u0117dyn\u0117s auk\u0161tis \u2013 75 cm<\/p>\n<p>Pus\u0117 baro k\u0117d\u0117s:<\/p>\n<p>Kr\u0113sla augstums \u2013 91 cm<\/p>\n<p>K\u0117d\u0117s ilgis \u2013 49 cm<\/p>\n<p>S\u0117dyn\u0117s plotis \u2013 52 cm<\/p>\n<p>S\u0117dyn\u0117s auk\u0161tis \u2013 65 cm<\/p>\n<p> ID 200700760<\/p>","protected":false},"excerpt":{"rendered":"<p>DAN-FORM \u2013 tai Danijos prek\u0117s \u017eenklas, gaminantis auk\u0161tos kokyb\u0117s baldus. Asortiment\u0105 sudaro valgomojo k\u0117d\u0117s, baro k\u0117d\u0117s, poilsio k\u0117d\u0117s, biuro k\u0117d\u0117s ir stalai. DAN-FORM si\u016blomi baldai yra prieinamos kainos ir gali b\u016bti naudojami restoranuose, vie\u0161bu\u010diuose, biuruose ir nam\u0173 \u016bkiuose. Gamintojo asortiment\u0105 sudaro odin\u0117s, dirbtin\u0117s odos, audinio, metalin\u0117s ir plastikin\u0117s k\u0117d\u0117s, taip pat mediniai stalai ir kavos staliukai.<\/p>","protected":false},"featured_media":1761,"template":"","meta":{"_acf_changed":false},"product_brand":[],"product_cat":[29,28],"product_tag":[37],"class_list":{"0":"post-31809","1":"product","2":"type-product","3":"status-publish","4":"has-post-thumbnail","6":"product_cat-bara-kresli","7":"product_cat-kresli","8":"product_tag-dan-form","10":"first","11":"instock","12":"sale","13":"shipping-taxable","14":"purchasable","15":"product-type-simple"},"acf":[],"_links":{"self":[{"href":"https:\/\/lightup.lv\/lt\/wp-json\/wp\/v2\/product\/31809","targetHints":{"allow":["GET"]}}],"collection":[{"href":"https:\/\/lightup.lv\/lt\/wp-json\/wp\/v2\/product"}],"about":[{"href":"https:\/\/lightup.lv\/lt\/wp-json\/wp\/v2\/types\/product"}],"wp:featuredmedia":[{"embeddable":true,"href":"https:\/\/lightup.lv\/lt\/wp-json\/wp\/v2\/media\/1761"}],"wp:attachment":[{"href":"https:\/\/lightup.lv\/lt\/wp-json\/wp\/v2\/media?parent=31809"}],"wp:term":[{"taxonomy":"product_brand","embeddable":true,"href":"https:\/\/lightup.lv\/lt\/wp-json\/wp\/v2\/product_brand?post=31809"},{"taxonomy":"product_cat","embeddable":true,"href":"https:\/\/lightup.lv\/lt\/wp-json\/wp\/v2\/product_cat?post=31809"},{"taxonomy":"product_tag","embeddable":true,"href":"https:\/\/lightup.lv\/lt\/wp-json\/wp\/v2\/product_tag?post=31809"}],"curies":[{"name":"wp","href":"https:\/\/api.w.org\/{rel}","templated":true}]}}