{"id":31818,"date":"2021-01-21T13:54:28","date_gmt":"2021-01-21T11:54:28","guid":{"rendered":"https:\/\/lightup.lv\/precu-katalogs\/hype-zils-samta-bara-kresls-2\/"},"modified":"2025-05-23T15:49:50","modified_gmt":"2025-05-23T13:49:50","slug":"hype-melynas-aksominis-fotelis-2","status":"publish","type":"product","link":"https:\/\/lightup.lv\/lt\/produktu-katalogas\/hype-melynas-aksominis-fotelis-2\/","title":{"rendered":"FIERCE \u2013 ruda M. odos"},"content":{"rendered":"<p>Ruda dirbtin\u0117 oda<\/p>\n<p>K\u0117d\u0117s auk\u0161tis \u2013 85 cm<\/p>\n<p>K\u0117d\u0117s ilgis \u2013 49 cm<\/p>\n<p>S\u0117dyn\u0117s plotis \u2013 60 cm<\/p>\n<p>S\u0117dyn\u0117s auk\u0161tis \u2013 47 cm<\/p>\n<p>ID 100650100<\/p>","protected":false},"excerpt":{"rendered":"<p>DAN-FORM \u2013 tai Danijos prek\u0117s \u017eenklas, gaminantis auk\u0161tos kokyb\u0117s baldus. Asortiment\u0105 sudaro valgomojo k\u0117d\u0117s, baro k\u0117d\u0117s, poilsio k\u0117d\u0117s, biuro k\u0117d\u0117s ir stalai. DAN-FORM si\u016blomi baldai yra prieinamos kainos ir gali b\u016bti naudojami restoranuose, vie\u0161bu\u010diuose, biuruose ir nam\u0173 \u016bkiuose. Gamintojo asortiment\u0105 sudaro odin\u0117s, dirbtin\u0117s odos, audinio, metalin\u0117s ir plastikin\u0117s k\u0117d\u0117s, taip pat mediniai stalai ir kavos staliukai.<\/p>","protected":false},"featured_media":35788,"template":"","meta":{"_acf_changed":false},"product_brand":[],"product_cat":[28,38],"product_tag":[37],"class_list":{"0":"post-31818","1":"product","2":"type-product","3":"status-publish","4":"has-post-thumbnail","6":"product_cat-kresli","7":"product_cat-kresli-pie-galda","8":"product_tag-dan-form","10":"first","11":"instock","12":"shipping-taxable","13":"purchasable","14":"product-type-simple"},"acf":[],"_links":{"self":[{"href":"https:\/\/lightup.lv\/lt\/wp-json\/wp\/v2\/product\/31818","targetHints":{"allow":["GET"]}}],"collection":[{"href":"https:\/\/lightup.lv\/lt\/wp-json\/wp\/v2\/product"}],"about":[{"href":"https:\/\/lightup.lv\/lt\/wp-json\/wp\/v2\/types\/product"}],"wp:featuredmedia":[{"embeddable":true,"href":"https:\/\/lightup.lv\/lt\/wp-json\/wp\/v2\/media\/35788"}],"wp:attachment":[{"href":"https:\/\/lightup.lv\/lt\/wp-json\/wp\/v2\/media?parent=31818"}],"wp:term":[{"taxonomy":"product_brand","embeddable":true,"href":"https:\/\/lightup.lv\/lt\/wp-json\/wp\/v2\/product_brand?post=31818"},{"taxonomy":"product_cat","embeddable":true,"href":"https:\/\/lightup.lv\/lt\/wp-json\/wp\/v2\/product_cat?post=31818"},{"taxonomy":"product_tag","embeddable":true,"href":"https:\/\/lightup.lv\/lt\/wp-json\/wp\/v2\/product_tag?post=31818"}],"curies":[{"name":"wp","href":"https:\/\/api.w.org\/{rel}","templated":true}]}}