{"id":31823,"date":"2021-02-17T10:43:31","date_gmt":"2021-02-17T08:43:31","guid":{"rendered":"https:\/\/lightup.lv\/precu-katalogs\/boto-armchair-grey\/"},"modified":"2025-05-17T12:55:26","modified_gmt":"2025-05-17T10:55:26","slug":"boto-armchair-grey","status":"publish","type":"product","link":"https:\/\/lightup.lv\/lt\/produktu-katalogas\/boto-armchair-grey\/","title":{"rendered":"BOTO &#8211; pel\u0113ks M. \u0101da"},"content":{"rendered":"<p>K\u0117d\u0117s auk\u0161tis \u2013 80 cm<\/p>\n<p>Kr\u0113sla garums \u2013 54 cm<\/p>\n<p>S\u0113des platums \u2013 66 cm<\/p>\n<p>S\u0117dyn\u0117s auk\u0161tis \u2013 47 cm<\/p>\n<p>Pel\u0113ka \u0101das s\u0113\u017eam\u0101 da\u013ca ar meln\u0101m met\u0101la k\u0101j\u0101m.<\/p>\n<p>ID 100310302<\/p>","protected":false},"excerpt":{"rendered":"<p>BOTO kr\u0113sls ir By Georgsen klasisk\u0101 dizaina. Pl\u0101nas met\u0101la k\u0101jas, kas turpin\u0101s roku balstos, ietin\u0101s ap kr\u0113sla atzveltni, s\u0113\u017eamajai da\u013cai ir m\u012bksta polster\u0113ta atzveltne un s\u0113deklis. M\u0101ksl\u012bg\u0101s \u0101da, kas apt\u012bta ap roku balstiem ir dekorat\u012bva deta\u013ca, kas pace\u013c dizainu uz n\u0101kamo l\u012bmeni. BOTO kolekcija sast\u0101v no kr\u0113sliem, b\u0101ra un letes kr\u0113sliem un atp\u016btas kr\u0113sliem.<\/p>","protected":false},"featured_media":7579,"template":"","meta":{"_acf_changed":false},"product_brand":[],"product_cat":[28],"product_tag":[37],"class_list":{"0":"post-31823","1":"product","2":"type-product","3":"status-publish","4":"has-post-thumbnail","6":"product_cat-kresli","7":"product_tag-dan-form","9":"first","10":"instock","11":"sale","12":"shipping-taxable","13":"purchasable","14":"product-type-simple"},"acf":[],"_links":{"self":[{"href":"https:\/\/lightup.lv\/lt\/wp-json\/wp\/v2\/product\/31823","targetHints":{"allow":["GET"]}}],"collection":[{"href":"https:\/\/lightup.lv\/lt\/wp-json\/wp\/v2\/product"}],"about":[{"href":"https:\/\/lightup.lv\/lt\/wp-json\/wp\/v2\/types\/product"}],"wp:featuredmedia":[{"embeddable":true,"href":"https:\/\/lightup.lv\/lt\/wp-json\/wp\/v2\/media\/7579"}],"wp:attachment":[{"href":"https:\/\/lightup.lv\/lt\/wp-json\/wp\/v2\/media?parent=31823"}],"wp:term":[{"taxonomy":"product_brand","embeddable":true,"href":"https:\/\/lightup.lv\/lt\/wp-json\/wp\/v2\/product_brand?post=31823"},{"taxonomy":"product_cat","embeddable":true,"href":"https:\/\/lightup.lv\/lt\/wp-json\/wp\/v2\/product_cat?post=31823"},{"taxonomy":"product_tag","embeddable":true,"href":"https:\/\/lightup.lv\/lt\/wp-json\/wp\/v2\/product_tag?post=31823"}],"curies":[{"name":"wp","href":"https:\/\/api.w.org\/{rel}","templated":true}]}}