{"id":31829,"date":"2021-02-18T08:12:45","date_gmt":"2021-02-18T06:12:45","guid":{"rendered":"https:\/\/lightup.lv\/precu-katalogs\/dolphin-peleks-ada\/"},"modified":"2025-05-23T13:41:17","modified_gmt":"2025-05-23T11:41:17","slug":"dolphin-peleks-ada","status":"publish","type":"product","link":"https:\/\/lightup.lv\/lt\/produktu-katalogas\/dolphin-peleks-ada\/","title":{"rendered":"DOLPHIN &#8211; pel\u0113ks \u0101da"},"content":{"rendered":"<p>K\u0117d\u0117s auk\u0161tis \u2013 83 cm<\/p>\n<p>K\u0117d\u0117s ilgis \u2013 55 cm<\/p>\n<p>S\u0117dyn\u0117s plotis \u2013 50 cm<\/p>\n<p>S\u0117dyn\u0117s auk\u0161tis \u2013 47 cm<\/p>\n<p>Pel\u0113k\u0101 kr\u0101s\u0101 \u0101das s\u0113\u017eam\u0101 da\u013ca ar apa\u013c\u0101m meln\u0101 kr\u0101s\u0101 k\u0101j\u0101m.<\/p>\n<p>ID 100295525<\/p>","protected":false},"excerpt":{"rendered":"<p>DOLPHIN kr\u0113sls ir z\u012bm\u012bgs Dan-Form kr\u0113sls. DOLPHIN kr\u0113sls ir Bjarke Nielsena izstr\u0101d\u0101ts un rafin\u0113ts sadarb\u012bb\u0101 ar Dan-Form dibin\u0101t\u0101ju Jorgen Mensen, un tam ir m\u016b\u017e\u012bgs, zieme\u013cniecisks dizains. S\u0113dek\u013ca pamat\u0101 ir saliekta koka forma, kas palielina s\u0113d\u0113\u0161anas komfortu, un tam ir skaista apdare ar rok\u0101m \u0161\u016bt\u0101m krustd\u016brieniem ap mal\u0101m. \u0160im modelim ir koniskas k\u0101jas. DOLPHIN COLLECTION sast\u0101v no pusdienu kr\u0113sliem, b\u0101ra un taburetes.<\/p>","protected":false},"featured_media":35785,"template":"","meta":{"_acf_changed":false},"product_brand":[],"product_cat":[28,38],"product_tag":[37],"class_list":{"0":"post-31829","1":"product","2":"type-product","3":"status-publish","4":"has-post-thumbnail","6":"product_cat-kresli","7":"product_cat-kresli-pie-galda","8":"product_tag-dan-form","10":"first","11":"instock","12":"sale","13":"shipping-taxable","14":"purchasable","15":"product-type-simple"},"acf":[],"_links":{"self":[{"href":"https:\/\/lightup.lv\/lt\/wp-json\/wp\/v2\/product\/31829","targetHints":{"allow":["GET"]}}],"collection":[{"href":"https:\/\/lightup.lv\/lt\/wp-json\/wp\/v2\/product"}],"about":[{"href":"https:\/\/lightup.lv\/lt\/wp-json\/wp\/v2\/types\/product"}],"wp:featuredmedia":[{"embeddable":true,"href":"https:\/\/lightup.lv\/lt\/wp-json\/wp\/v2\/media\/35785"}],"wp:attachment":[{"href":"https:\/\/lightup.lv\/lt\/wp-json\/wp\/v2\/media?parent=31829"}],"wp:term":[{"taxonomy":"product_brand","embeddable":true,"href":"https:\/\/lightup.lv\/lt\/wp-json\/wp\/v2\/product_brand?post=31829"},{"taxonomy":"product_cat","embeddable":true,"href":"https:\/\/lightup.lv\/lt\/wp-json\/wp\/v2\/product_cat?post=31829"},{"taxonomy":"product_tag","embeddable":true,"href":"https:\/\/lightup.lv\/lt\/wp-json\/wp\/v2\/product_tag?post=31829"}],"curies":[{"name":"wp","href":"https:\/\/api.w.org\/{rel}","templated":true}]}}