{"id":31832,"date":"2021-02-18T08:34:17","date_gmt":"2021-02-18T06:34:17","guid":{"rendered":"https:\/\/lightup.lv\/precu-katalogs\/dolphin-bruns-ada-2\/"},"modified":"2025-05-17T13:54:11","modified_gmt":"2025-05-17T11:54:11","slug":"dolphin-bruns-ada-2","status":"publish","type":"product","link":"https:\/\/lightup.lv\/lt\/produktu-katalogas\/dolphin-bruns-ada-2\/","title":{"rendered":"DELFINAS \u2013 ruda oda"},"content":{"rendered":"<p>K\u0117d\u0117s auk\u0161tis \u2013 83 cm<\/p>\n<p>K\u0117d\u0117s ilgis \u2013 55 cm<\/p>\n<p>S\u0117dyn\u0117s plotis \u2013 50 cm<\/p>\n<p>S\u0117dyn\u0117s auk\u0161tis \u2013 47 cm<\/p>\n<p>Br\u016bn\u0101 kr\u0101s\u0101 \u0101das s\u0113\u017eam\u0101 da\u013ca ar meln\u0101 kr\u0101s\u0101 k\u0101j\u0101m.<\/p>\n<p>ID 100295903<\/p>","protected":false},"excerpt":{"rendered":"<p>DOLPHIN k\u0117d\u0117 yra firmin\u0117 \u201eDan-Form\u201c k\u0117d\u0117. J\u0105 suk\u016br\u0117 ir pagamino Bjarke Nielsen bendradarbiaudamas su \u201eDan-Form\u201c \u012fk\u016br\u0117ju Jorgenu Mensenu. DOLPHIN k\u0117d\u0117 pasi\u017eymi nesenstan\u010diu, \u0161iaurieti\u0161ku dizainu. S\u0117dyn\u0117 sukurta pagal lenktos medienos form\u0105, kuri padidina s\u0117d\u0117jimo komfort\u0105, o kra\u0161tai yra gra\u017eiai apdailinti rankomis siuvin\u0117tais kry\u017eeliais. DOLPHIN kolekcij\u0105 sudaro valgomojo k\u0117d\u0117s, baras ir taburet\u0117.<\/p>","protected":false},"featured_media":35778,"template":"","meta":{"_acf_changed":false},"product_brand":[],"product_cat":[28,38],"product_tag":[37],"class_list":{"0":"post-31832","1":"product","2":"type-product","3":"status-publish","4":"has-post-thumbnail","6":"product_cat-kresli","7":"product_cat-kresli-pie-galda","8":"product_tag-dan-form","10":"first","11":"instock","12":"shipping-taxable","13":"purchasable","14":"product-type-simple"},"acf":[],"_links":{"self":[{"href":"https:\/\/lightup.lv\/lt\/wp-json\/wp\/v2\/product\/31832","targetHints":{"allow":["GET"]}}],"collection":[{"href":"https:\/\/lightup.lv\/lt\/wp-json\/wp\/v2\/product"}],"about":[{"href":"https:\/\/lightup.lv\/lt\/wp-json\/wp\/v2\/types\/product"}],"wp:featuredmedia":[{"embeddable":true,"href":"https:\/\/lightup.lv\/lt\/wp-json\/wp\/v2\/media\/35778"}],"wp:attachment":[{"href":"https:\/\/lightup.lv\/lt\/wp-json\/wp\/v2\/media?parent=31832"}],"wp:term":[{"taxonomy":"product_brand","embeddable":true,"href":"https:\/\/lightup.lv\/lt\/wp-json\/wp\/v2\/product_brand?post=31832"},{"taxonomy":"product_cat","embeddable":true,"href":"https:\/\/lightup.lv\/lt\/wp-json\/wp\/v2\/product_cat?post=31832"},{"taxonomy":"product_tag","embeddable":true,"href":"https:\/\/lightup.lv\/lt\/wp-json\/wp\/v2\/product_tag?post=31832"}],"curies":[{"name":"wp","href":"https:\/\/api.w.org\/{rel}","templated":true}]}}