{"id":31840,"date":"2021-02-18T18:19:36","date_gmt":"2021-02-18T16:19:36","guid":{"rendered":"https:\/\/lightup.lv\/precu-katalogs\/medusa-melna-m-ada\/"},"modified":"2024-04-02T13:52:32","modified_gmt":"2024-04-02T11:52:32","slug":"medusa-melna-m-ada","status":"publish","type":"product","link":"https:\/\/lightup.lv\/lt\/produktu-katalogas\/medusa-melna-m-ada\/","title":{"rendered":"MEDUSA melna M. \u0101da"},"content":{"rendered":"<p>K\u0117d\u0117s auk\u0161tis \u2013 86 cm<\/p>\n<p>K\u0117d\u0117s ilgis \u2013 49,5 cm<\/p>\n<p>S\u0117dyn\u0117s plotis \u2013 58,5 cm<\/p>\n<p>S\u0117dyn\u0117s auk\u0161tis \u2013 45 cm<\/p>\n<p>Meln\u0101 kr\u0101s\u0101 m\u0101ksl\u012bg\u0101s \u0101das s\u0113\u017eam\u0101 da\u013ca ar met\u0101la meln\u0101 kr\u0101s\u0101 k\u0101j\u0101m.<\/p>\n<p>ID 100600920<\/p>","protected":false},"excerpt":{"rendered":"<p>MEDUSA kr\u0117slas vilioja savo ma\u017eo sm\u0117lio laikrod\u017eio forma ir paprastu dizainu. S\u0117dyn\u0117s si\u016bl\u0117s dekoruotos beisbolo stiliaus, o auk\u0161tos kokyb\u0117s dirbtin\u0117 oda suteikia jai modernumo. S\u0117dyn\u0117 sukurta maksimaliam s\u0117d\u0117jimo komfortui, o siaur\u0117jan\u010dios kojel\u0117s u\u017ebaigia lengvos ir eleganti\u0161kos k\u0117d\u0117s i\u0161vaizd\u0105. MEDUSA galima \u012fsigyti tik kaip kr\u0117sl\u0105.<\/p>","protected":false},"featured_media":7760,"template":"","meta":{"_acf_changed":false},"product_brand":[],"product_cat":[28,38],"product_tag":[37],"class_list":{"0":"post-31840","1":"product","2":"type-product","3":"status-publish","4":"has-post-thumbnail","6":"product_cat-kresli","7":"product_cat-kresli-pie-galda","8":"product_tag-dan-form","10":"first","11":"instock","12":"sale","13":"shipping-taxable","14":"purchasable","15":"product-type-simple"},"acf":[],"_links":{"self":[{"href":"https:\/\/lightup.lv\/lt\/wp-json\/wp\/v2\/product\/31840","targetHints":{"allow":["GET"]}}],"collection":[{"href":"https:\/\/lightup.lv\/lt\/wp-json\/wp\/v2\/product"}],"about":[{"href":"https:\/\/lightup.lv\/lt\/wp-json\/wp\/v2\/types\/product"}],"wp:featuredmedia":[{"embeddable":true,"href":"https:\/\/lightup.lv\/lt\/wp-json\/wp\/v2\/media\/7760"}],"wp:attachment":[{"href":"https:\/\/lightup.lv\/lt\/wp-json\/wp\/v2\/media?parent=31840"}],"wp:term":[{"taxonomy":"product_brand","embeddable":true,"href":"https:\/\/lightup.lv\/lt\/wp-json\/wp\/v2\/product_brand?post=31840"},{"taxonomy":"product_cat","embeddable":true,"href":"https:\/\/lightup.lv\/lt\/wp-json\/wp\/v2\/product_cat?post=31840"},{"taxonomy":"product_tag","embeddable":true,"href":"https:\/\/lightup.lv\/lt\/wp-json\/wp\/v2\/product_tag?post=31840"}],"curies":[{"name":"wp","href":"https:\/\/api.w.org\/{rel}","templated":true}]}}