{"id":31881,"date":"2021-02-23T13:59:05","date_gmt":"2021-02-23T11:59:05","guid":{"rendered":"https:\/\/lightup.lv\/precu-katalogs\/stiletto-natural\/"},"modified":"2024-04-02T10:32:59","modified_gmt":"2024-04-02T08:32:59","slug":"naturalus-stiletas","status":"publish","type":"product","link":"https:\/\/lightup.lv\/lt\/precu-katalogs\/stiletto-natural\/","title":{"rendered":"STILETTO nat\u016bralus"},"content":{"rendered":"<p>K\u0117d\u0117s auk\u0161tis \u2013 78 cm<\/p>\n<p>K\u0117d\u0117s ilgis \u2013 48 cm<\/p>\n<p>S\u0117dyn\u0117s plotis \u2013 36 cm<\/p>\n<p>S\u0117dyn\u0117s auk\u0161tis \u2013 78 cm<\/p>\n<p>\u0160viesios spalvos virvelin\u0117 s\u0117dyn\u0117 su juodomis metalin\u0117mis kojel\u0117mis.<br \/>\nTaip pat galima \u012fsigyti pusbario k\u0117d\u0119:<\/p>\n<p>K\u0117d\u0117s auk\u0161tis \u2013 68 cm<\/p>\n<p>K\u0117d\u0117s ilgis \u2013 48 cm<\/p>\n<p>S\u0117dyn\u0117s plotis \u2013 36 cm<\/p>\n<p>S\u0117dyn\u0117s auk\u0161tis \u2013 68 cm<\/p>\n<p> ID 200232820<\/p>","protected":false},"excerpt":{"rendered":"<p>STILETTO \u2013 tai eleganti\u0161kas \u201eSays Who\u201c dizainas. Kaip rodo pavadinimas, \u0161i serija turi ilgas, lieknas kojas, kurios suteikia jai lengvumo ir erdvumo. Gra\u017eiai rankomis austa popierin\u0117 virvel\u0117 suteikia dizainui klasikinio akcento ir paprastumo, tod\u0117l jis rafinuotas. STILETTO baro k\u0117d\u0117s auk\u0161tis tinka daugumai baro stal\u0173. STILETTO kolekcij\u0105 sudaro k\u0117d\u0117s, foteliai, baro k\u0117d\u0117s ir prekystaliai.<\/p>","protected":false},"featured_media":8279,"template":"","meta":{"_acf_changed":false},"product_brand":[],"product_cat":[29,28],"product_tag":[37],"class_list":{"0":"post-31881","1":"product","2":"type-product","3":"status-publish","4":"has-post-thumbnail","6":"product_cat-bara-kresli","7":"product_cat-kresli","8":"product_tag-dan-form","10":"first","11":"instock","12":"sale","13":"shipping-taxable","14":"purchasable","15":"product-type-simple"},"acf":[],"_links":{"self":[{"href":"https:\/\/lightup.lv\/lt\/wp-json\/wp\/v2\/product\/31881","targetHints":{"allow":["GET"]}}],"collection":[{"href":"https:\/\/lightup.lv\/lt\/wp-json\/wp\/v2\/product"}],"about":[{"href":"https:\/\/lightup.lv\/lt\/wp-json\/wp\/v2\/types\/product"}],"wp:featuredmedia":[{"embeddable":true,"href":"https:\/\/lightup.lv\/lt\/wp-json\/wp\/v2\/media\/8279"}],"wp:attachment":[{"href":"https:\/\/lightup.lv\/lt\/wp-json\/wp\/v2\/media?parent=31881"}],"wp:term":[{"taxonomy":"product_brand","embeddable":true,"href":"https:\/\/lightup.lv\/lt\/wp-json\/wp\/v2\/product_brand?post=31881"},{"taxonomy":"product_cat","embeddable":true,"href":"https:\/\/lightup.lv\/lt\/wp-json\/wp\/v2\/product_cat?post=31881"},{"taxonomy":"product_tag","embeddable":true,"href":"https:\/\/lightup.lv\/lt\/wp-json\/wp\/v2\/product_tag?post=31881"}],"curies":[{"name":"wp","href":"https:\/\/api.w.org\/{rel}","templated":true}]}}