{"id":31922,"date":"2021-05-13T12:00:42","date_gmt":"2021-05-13T10:00:42","guid":{"rendered":"https:\/\/lightup.lv\/precu-katalogs\/loop-melns\/"},"modified":"2024-04-02T13:18:47","modified_gmt":"2024-04-02T11:18:47","slug":"loop-melns","status":"publish","type":"product","link":"https:\/\/lightup.lv\/lt\/produktu-katalogas\/loop-melns\/","title":{"rendered":"LOOP melns"},"content":{"rendered":"<p>Kr\u0113sla augstums \u2013 79,5 cm<\/p>\n<p>K\u0117d\u0117s ilgis \u2013 52 cm<\/p>\n<p>S\u0113des platums \u2013 56 cm<\/p>\n<p>S\u0117dyn\u0117s auk\u0161tis \u2013 47 cm<\/p>\n<p>Pap\u012bra auklas s\u0113\u017eam\u0101 da\u013ca ar met\u0101la\/t\u0113rauda k\u0101j\u0101m.<\/p>\n<p>ID 100500700<\/p>","protected":false},"excerpt":{"rendered":"<p>Vienk\u0101r\u0161s, bet iespaid\u012bgs LOOP kr\u0113sls ir jauna klasisk\u0101 kr\u0113sla interpret\u0101cija. Met\u0101la r\u0101mi rot\u0101 ar roku austs tr\u012bssl\u0101\u0146u pap\u012bra aukla taisn\u0101, \u013coti line\u0101r\u0101 audum\u0101. LOOP ir pieejams tikai k\u0101 kr\u0113sls.<\/p>","protected":false},"featured_media":9090,"template":"","meta":{"_acf_changed":false},"product_brand":[],"product_cat":[28,38],"product_tag":[37],"class_list":{"0":"post-31922","1":"product","2":"type-product","3":"status-publish","4":"has-post-thumbnail","6":"product_cat-kresli","7":"product_cat-kresli-pie-galda","8":"product_tag-dan-form","10":"first","11":"instock","12":"shipping-taxable","13":"purchasable","14":"product-type-simple"},"acf":[],"_links":{"self":[{"href":"https:\/\/lightup.lv\/lt\/wp-json\/wp\/v2\/product\/31922","targetHints":{"allow":["GET"]}}],"collection":[{"href":"https:\/\/lightup.lv\/lt\/wp-json\/wp\/v2\/product"}],"about":[{"href":"https:\/\/lightup.lv\/lt\/wp-json\/wp\/v2\/types\/product"}],"wp:featuredmedia":[{"embeddable":true,"href":"https:\/\/lightup.lv\/lt\/wp-json\/wp\/v2\/media\/9090"}],"wp:attachment":[{"href":"https:\/\/lightup.lv\/lt\/wp-json\/wp\/v2\/media?parent=31922"}],"wp:term":[{"taxonomy":"product_brand","embeddable":true,"href":"https:\/\/lightup.lv\/lt\/wp-json\/wp\/v2\/product_brand?post=31922"},{"taxonomy":"product_cat","embeddable":true,"href":"https:\/\/lightup.lv\/lt\/wp-json\/wp\/v2\/product_cat?post=31922"},{"taxonomy":"product_tag","embeddable":true,"href":"https:\/\/lightup.lv\/lt\/wp-json\/wp\/v2\/product_tag?post=31922"}],"curies":[{"name":"wp","href":"https:\/\/api.w.org\/{rel}","templated":true}]}}