{"id":31931,"date":"2021-07-20T09:48:31","date_gmt":"2021-07-20T07:48:31","guid":{"rendered":"https:\/\/lightup.lv\/precu-katalogs\/paragon-peleks-auduma\/"},"modified":"2024-04-02T13:19:21","modified_gmt":"2024-04-02T11:19:21","slug":"paragoninis-pilkas-audinys","status":"publish","type":"product","link":"https:\/\/lightup.lv\/lt\/precu-katalogs\/paragon-peleks-auduma\/","title":{"rendered":"PARAGON pilkas audinys"},"content":{"rendered":"<p>K\u0117d\u0117s auk\u0161tis \u2013 83 cm<\/p>\n<p>K\u0117d\u0117s gylis \u2013 57 cm<\/p>\n<p>S\u0117dyn\u0117s plotis \u2013 51 cm<\/p>\n<p>S\u0117dyn\u0117s auk\u0161tis \u2013 46 cm<\/p>\n<p>Pilkos spalvos audinio s\u0117dyn\u0117 su juodo metalo kojel\u0117mis.<\/p>\n<p>ID 100201102<\/p>","protected":false},"excerpt":{"rendered":"<p>PARGON \u2013 tai Ebbe Gehl sukurta k\u0117d\u0117, pasi\u017eyminti \u012fdomiomis detal\u0117mis. Plona, ta\u010diau i\u0161lenkta s\u0117dyn\u0117 ir atlo\u0161as pritvirtinti prie metalinio r\u0117mo su \u012fmantriomis uosio kojel\u0117mis, paliekant nedidel\u012f tarp\u0105 tarp koj\u0173 ir s\u0117dyn\u0117s, tod\u0117l s\u0117dyn\u0117 atrodo beveik kybanti. Kojel\u0117s atlo\u0161e \u0161iek tiek i\u0161siki\u0161usios \u012f vir\u0161\u0173, suteikdamos i\u0161skirtin\u0119, eleganti\u0161k\u0105 i\u0161vaizd\u0105. PARAGON galima \u012fsigyti tik kaip k\u0117d\u0117.<\/p>","protected":false},"featured_media":9191,"template":"","meta":{"_acf_changed":false},"product_brand":[],"product_cat":[28,38],"product_tag":[37],"class_list":{"0":"post-31931","1":"product","2":"type-product","3":"status-publish","4":"has-post-thumbnail","6":"product_cat-kresli","7":"product_cat-kresli-pie-galda","8":"product_tag-dan-form","10":"first","11":"instock","12":"sale","13":"shipping-taxable","14":"purchasable","15":"product-type-simple"},"acf":[],"_links":{"self":[{"href":"https:\/\/lightup.lv\/lt\/wp-json\/wp\/v2\/product\/31931","targetHints":{"allow":["GET"]}}],"collection":[{"href":"https:\/\/lightup.lv\/lt\/wp-json\/wp\/v2\/product"}],"about":[{"href":"https:\/\/lightup.lv\/lt\/wp-json\/wp\/v2\/types\/product"}],"wp:featuredmedia":[{"embeddable":true,"href":"https:\/\/lightup.lv\/lt\/wp-json\/wp\/v2\/media\/9191"}],"wp:attachment":[{"href":"https:\/\/lightup.lv\/lt\/wp-json\/wp\/v2\/media?parent=31931"}],"wp:term":[{"taxonomy":"product_brand","embeddable":true,"href":"https:\/\/lightup.lv\/lt\/wp-json\/wp\/v2\/product_brand?post=31931"},{"taxonomy":"product_cat","embeddable":true,"href":"https:\/\/lightup.lv\/lt\/wp-json\/wp\/v2\/product_cat?post=31931"},{"taxonomy":"product_tag","embeddable":true,"href":"https:\/\/lightup.lv\/lt\/wp-json\/wp\/v2\/product_tag?post=31931"}],"curies":[{"name":"wp","href":"https:\/\/api.w.org\/{rel}","templated":true}]}}