{"id":31934,"date":"2021-08-18T14:16:59","date_gmt":"2021-08-18T12:16:59","guid":{"rendered":"https:\/\/lightup.lv\/precu-katalogs\/sava-bara-kresls\/"},"modified":"2024-04-02T10:33:29","modified_gmt":"2024-04-02T08:33:29","slug":"savotiska-kede","status":"publish","type":"product","link":"https:\/\/lightup.lv\/lt\/produktu-katalogas\/savotiska-kede\/","title":{"rendered":"SAVA baro k\u0117d\u0117"},"content":{"rendered":"<p>K\u0117d\u0117s auk\u0161tis \u2013 102 cm<\/p>\n<p>K\u0117d\u0117s ilgis \u2013 47 cm<\/p>\n<p>S\u0117dyn\u0117s plotis \u2013 50 cm<\/p>\n<p>S\u0117dyn\u0117s auk\u0161tis \u2013 76,5 cm<\/p>\n<p>Juoda s\u0117dyn\u0117 su juodomis metalin\u0117mis kojel\u0117mis.<\/p>\n<p> ID 200500910<\/p>","protected":false},"excerpt":{"rendered":"<p>SAVA baro k\u0117d\u0117 interpretuoja klasikines \u0161iaurieti\u0161ko dizaino tradicijas. Baro k\u0117d\u0117 turi metalin\u012f r\u0117m\u0105, kojas ir atlo\u0161\u0105 su b\u016bdingomis 4 virv\u0117mis gale. Jos patvari, rankomis austa trij\u0173 sluoksni\u0173 popierin\u0117 virvel\u0117 pasi\u017eymi gra\u017eia apdaila. SAVA KOLEKCIJ\u0104 sudaro k\u0117d\u0117s, baro k\u0117d\u0117s ir stalas.<\/p>","protected":false},"featured_media":9224,"template":"","meta":{"_acf_changed":false},"product_brand":[],"product_cat":[29,28],"product_tag":[37],"class_list":{"0":"post-31934","1":"product","2":"type-product","3":"status-publish","4":"has-post-thumbnail","6":"product_cat-bara-kresli","7":"product_cat-kresli","8":"product_tag-dan-form","10":"first","11":"instock","12":"shipping-taxable","13":"purchasable","14":"product-type-simple"},"acf":[],"_links":{"self":[{"href":"https:\/\/lightup.lv\/lt\/wp-json\/wp\/v2\/product\/31934","targetHints":{"allow":["GET"]}}],"collection":[{"href":"https:\/\/lightup.lv\/lt\/wp-json\/wp\/v2\/product"}],"about":[{"href":"https:\/\/lightup.lv\/lt\/wp-json\/wp\/v2\/types\/product"}],"wp:featuredmedia":[{"embeddable":true,"href":"https:\/\/lightup.lv\/lt\/wp-json\/wp\/v2\/media\/9224"}],"wp:attachment":[{"href":"https:\/\/lightup.lv\/lt\/wp-json\/wp\/v2\/media?parent=31934"}],"wp:term":[{"taxonomy":"product_brand","embeddable":true,"href":"https:\/\/lightup.lv\/lt\/wp-json\/wp\/v2\/product_brand?post=31934"},{"taxonomy":"product_cat","embeddable":true,"href":"https:\/\/lightup.lv\/lt\/wp-json\/wp\/v2\/product_cat?post=31934"},{"taxonomy":"product_tag","embeddable":true,"href":"https:\/\/lightup.lv\/lt\/wp-json\/wp\/v2\/product_tag?post=31934"}],"curies":[{"name":"wp","href":"https:\/\/api.w.org\/{rel}","templated":true}]}}