{"id":31935,"date":"2021-08-18T14:28:59","date_gmt":"2021-08-18T12:28:59","guid":{"rendered":"https:\/\/lightup.lv\/precu-katalogs\/sava-kresls-melns\/"},"modified":"2024-04-02T13:05:10","modified_gmt":"2024-04-02T11:05:10","slug":"sava-kresls-melns","status":"publish","type":"product","link":"https:\/\/lightup.lv\/lt\/produktu-katalogas\/sava-kresls-melns\/","title":{"rendered":"SAVA kr\u0113sls melns"},"content":{"rendered":"<p>Kr\u0113sla augstums \u2013 79,5 cm<\/p>\n<p>Kr\u0113sla garums \u2013 54,5 cm<\/p>\n<p>S\u0117dyn\u0117s plotis \u2013 52 cm<\/p>\n<p>S\u0113des augstums \u2013 47,5 cm<\/p>\n<p>Meln\u0101 kr\u0101s\u0101 pap\u012bra auklas s\u0113\u017eam\u0101 da\u013ca ar meln\u0101m lakot\u0101m k\u0101j\u0101m.<\/p>\n<p>ID 100500910<\/p>","protected":false},"excerpt":{"rendered":"<p>SAVA baro k\u0117d\u0117 interpretuoja klasikines \u0161iaurieti\u0161ko dizaino tradicijas. Baro k\u0117d\u0117 turi metalin\u012f r\u0117m\u0105, kojas ir atlo\u0161\u0105 su b\u016bdingomis 4 virv\u0117mis gale. Jos patvari, rankomis austa trij\u0173 sluoksni\u0173 popierin\u0117 virvel\u0117 pasi\u017eymi gra\u017eia apdaila. SAVA KOLEKCIJ\u0104 sudaro k\u0117d\u0117s, baro k\u0117d\u0117s ir stalas.<\/p>","protected":false},"featured_media":9237,"template":"","meta":{"_acf_changed":false},"product_brand":[],"product_cat":[28,38],"product_tag":[37],"class_list":{"0":"post-31935","1":"product","2":"type-product","3":"status-publish","4":"has-post-thumbnail","6":"product_cat-kresli","7":"product_cat-kresli-pie-galda","8":"product_tag-dan-form","10":"first","11":"instock","12":"sale","13":"shipping-taxable","14":"purchasable","15":"product-type-simple"},"acf":[],"_links":{"self":[{"href":"https:\/\/lightup.lv\/lt\/wp-json\/wp\/v2\/product\/31935","targetHints":{"allow":["GET"]}}],"collection":[{"href":"https:\/\/lightup.lv\/lt\/wp-json\/wp\/v2\/product"}],"about":[{"href":"https:\/\/lightup.lv\/lt\/wp-json\/wp\/v2\/types\/product"}],"wp:featuredmedia":[{"embeddable":true,"href":"https:\/\/lightup.lv\/lt\/wp-json\/wp\/v2\/media\/9237"}],"wp:attachment":[{"href":"https:\/\/lightup.lv\/lt\/wp-json\/wp\/v2\/media?parent=31935"}],"wp:term":[{"taxonomy":"product_brand","embeddable":true,"href":"https:\/\/lightup.lv\/lt\/wp-json\/wp\/v2\/product_brand?post=31935"},{"taxonomy":"product_cat","embeddable":true,"href":"https:\/\/lightup.lv\/lt\/wp-json\/wp\/v2\/product_cat?post=31935"},{"taxonomy":"product_tag","embeddable":true,"href":"https:\/\/lightup.lv\/lt\/wp-json\/wp\/v2\/product_tag?post=31935"}],"curies":[{"name":"wp","href":"https:\/\/api.w.org\/{rel}","templated":true}]}}