{"id":31937,"date":"2021-08-19T13:41:00","date_gmt":"2021-08-19T11:41:00","guid":{"rendered":"https:\/\/lightup.lv\/precu-katalogs\/vale-maksligas-adas-bruns\/"},"modified":"2025-11-13T16:15:46","modified_gmt":"2025-11-13T14:15:46","slug":"vale-maksligas-adas-bruns","status":"publish","type":"product","link":"https:\/\/lightup.lv\/lt\/produktu-katalogas\/vale-maksligas-adas-bruns\/","title":{"rendered":"VALE m\u0101ksl\u012bg\u0101s \u0101das br\u016bns"},"content":{"rendered":"<p>Kr\u0113sla augstums \u2013 81 cm<\/p>\n<p>Kr\u0113sla dzi\u013cums \u2013 58 cm<\/p>\n<p>S\u0113des platums \u2013 63 cm<\/p>\n<p>S\u0117dyn\u0117s auk\u0161tis \u2013 46 cm<\/p>\n<p>Br\u016bn\u0101 kr\u0101s\u0101 m\u0101ksl\u012bg\u0101s \u0101das s\u0113\u017eam\u0101 da\u013ca ar met\u0101la meln\u0101 kr\u0101s\u0101 k\u0101j\u0101m.<\/p>\n<p>ID 100500986<\/p>","protected":false},"excerpt":{"rendered":"<p>VALE atzveltnes kr\u0113slam ir izsmalcin\u0101ts izskats. Ar r\u0101mi, kas turpin\u0101s ap muguru, un roku balstiem, kas izliecas virs pl\u0101na met\u0101la r\u0101mja, tam ir gan stils, gan komforts. \u0160is ir kr\u0113sls, uz kuru ir interesanti paskat\u012bties no jebkura le\u0146\u0137a. VALE ir pieejams tikai k\u0101 atzveltnes kr\u0113sls.<\/p>","protected":false},"featured_media":9263,"template":"","meta":{"_acf_changed":false},"product_brand":[],"product_cat":[28,38],"product_tag":[37],"class_list":{"0":"post-31937","1":"product","2":"type-product","3":"status-publish","4":"has-post-thumbnail","6":"product_cat-kresli","7":"product_cat-kresli-pie-galda","8":"product_tag-dan-form","10":"first","11":"instock","12":"shipping-taxable","13":"purchasable","14":"product-type-simple"},"acf":[],"_links":{"self":[{"href":"https:\/\/lightup.lv\/lt\/wp-json\/wp\/v2\/product\/31937","targetHints":{"allow":["GET"]}}],"collection":[{"href":"https:\/\/lightup.lv\/lt\/wp-json\/wp\/v2\/product"}],"about":[{"href":"https:\/\/lightup.lv\/lt\/wp-json\/wp\/v2\/types\/product"}],"wp:featuredmedia":[{"embeddable":true,"href":"https:\/\/lightup.lv\/lt\/wp-json\/wp\/v2\/media\/9263"}],"wp:attachment":[{"href":"https:\/\/lightup.lv\/lt\/wp-json\/wp\/v2\/media?parent=31937"}],"wp:term":[{"taxonomy":"product_brand","embeddable":true,"href":"https:\/\/lightup.lv\/lt\/wp-json\/wp\/v2\/product_brand?post=31937"},{"taxonomy":"product_cat","embeddable":true,"href":"https:\/\/lightup.lv\/lt\/wp-json\/wp\/v2\/product_cat?post=31937"},{"taxonomy":"product_tag","embeddable":true,"href":"https:\/\/lightup.lv\/lt\/wp-json\/wp\/v2\/product_tag?post=31937"}],"curies":[{"name":"wp","href":"https:\/\/api.w.org\/{rel}","templated":true}]}}