{"id":31945,"date":"2022-05-26T18:08:45","date_gmt":"2022-05-26T16:08:45","guid":{"rendered":"https:\/\/lightup.lv\/precu-katalogs\/pusbara-kresls-boto-tumsi-bruns\/"},"modified":"2025-09-12T15:35:13","modified_gmt":"2025-09-12T13:35:13","slug":"pusbara-kresls-boto-tumsi-bruns","status":"publish","type":"product","link":"https:\/\/lightup.lv\/lt\/produktu-katalogas\/pusbara-kresls-boto-tumsi-bruns\/","title":{"rendered":"Pusb\u0101ra kr\u0113sls BOTO tum\u0161i br\u016bns"},"content":{"rendered":"<p>Spalva: ruda<br \/>\nS\u0117dyn\u0117s med\u017eiaga: dirbtin\u0117 oda<br \/>\nKojeli\u0173 med\u017eiaga: metalas\/plienas<br \/>\nSudedamas ant vienos vietos: Ne<br \/>\nK\u0117d\u0117s auk\u0161tis: 95 cm<br \/>\nK\u0117d\u0117s plotis: 55 cm<br \/>\nK\u0117d\u0117s gylis: 56 cm<br \/>\nS\u0117dyn\u0117s auk\u0161tis: 67 cm<br \/>\nS\u0117dyn\u0117s gylis: 33 cm<br \/>\nGrynasis svoris: 7,5 kg<\/p>\n<p>ID 300310304<\/p>","protected":false},"excerpt":{"rendered":"<p>Pusiau baro k\u0117d\u0117 su plonomis metalin\u0117mis kojel\u0117mis, kurios pereina \u012f porankius ir apgaubia atlo\u0161\u0105. Dirbtin\u0117 oda aptraukta aplink porankius kaip dekoratyvin\u0117 detal\u0117, pakelianti dizain\u0105 \u012f kit\u0105 lyg\u012f. K\u0117d\u0117 yra \u017eema baro k\u0117d\u0117, kurios auk\u0161tis dera prie stalvir\u0161io. \u201eBOTO\u201c kolekcij\u0105 sudaro k\u0117d\u0117s, baro ir prekystalio k\u0117d\u0117s, taip pat poilsio foteliai.<\/p>","protected":false},"featured_media":14221,"template":"","meta":{"_acf_changed":false},"product_brand":[],"product_cat":[28,38,41],"product_tag":[37],"class_list":{"0":"post-31945","1":"product","2":"type-product","3":"status-publish","4":"has-post-thumbnail","6":"product_cat-kresli","7":"product_cat-kresli-pie-galda","8":"product_cat-pusbara-kresli","9":"product_tag-dan-form","11":"first","12":"instock","13":"shipping-taxable","14":"purchasable","15":"product-type-simple"},"acf":[],"_links":{"self":[{"href":"https:\/\/lightup.lv\/lt\/wp-json\/wp\/v2\/product\/31945","targetHints":{"allow":["GET"]}}],"collection":[{"href":"https:\/\/lightup.lv\/lt\/wp-json\/wp\/v2\/product"}],"about":[{"href":"https:\/\/lightup.lv\/lt\/wp-json\/wp\/v2\/types\/product"}],"wp:featuredmedia":[{"embeddable":true,"href":"https:\/\/lightup.lv\/lt\/wp-json\/wp\/v2\/media\/14221"}],"wp:attachment":[{"href":"https:\/\/lightup.lv\/lt\/wp-json\/wp\/v2\/media?parent=31945"}],"wp:term":[{"taxonomy":"product_brand","embeddable":true,"href":"https:\/\/lightup.lv\/lt\/wp-json\/wp\/v2\/product_brand?post=31945"},{"taxonomy":"product_cat","embeddable":true,"href":"https:\/\/lightup.lv\/lt\/wp-json\/wp\/v2\/product_cat?post=31945"},{"taxonomy":"product_tag","embeddable":true,"href":"https:\/\/lightup.lv\/lt\/wp-json\/wp\/v2\/product_tag?post=31945"}],"curies":[{"name":"wp","href":"https:\/\/api.w.org\/{rel}","templated":true}]}}