{"id":31946,"date":"2022-05-26T18:09:32","date_gmt":"2022-05-26T16:09:32","guid":{"rendered":"https:\/\/lightup.lv\/precu-katalogs\/boto-peleks-maksligas-adas-kresls\/"},"modified":"2025-05-17T13:14:49","modified_gmt":"2025-05-17T11:14:49","slug":"boto-peleks-maksligas-adas-kresls","status":"publish","type":"product","link":"https:\/\/lightup.lv\/lt\/produktu-katalogas\/boto-peleks-maksligas-adas-kresls\/","title":{"rendered":"BOTO pel\u0113ks m\u0101ksl\u012bg\u0101s \u0101das kr\u0113sls"},"content":{"rendered":"<p>Kr\u0101sa: Pel\u0113ka<br \/>\nS\u0117dyn\u0117s med\u017eiaga: dirbtin\u0117 oda<br \/>\nKojeli\u0173 med\u017eiaga: metalas\/plienas<br \/>\nSudedamas ant vienos vietos: Ne<br \/>\nKr\u0113sla augstums: 80 cm<br \/>\nK\u0117d\u0117s plotis: 54 cm<br \/>\nKr\u0113sla dzi\u013cums: 66 cm<br \/>\nS\u0117dyn\u0117s auk\u0161tis: 47 cm<br \/>\nS\u0113des dzi\u013cums: 42 cm<br \/>\nSvars neto: 7.8 kg<\/p>\n<p>ID 100310312<\/p>","protected":false},"excerpt":{"rendered":"<p>Pl\u0101n\u0101s met\u0101la k\u0101jas, kas turpin\u0101s roku balstos, aptver kr\u0113sla atzveltni, un s\u0113deklim ir m\u012bksta polster\u0113ta atzveltne un s\u0113deklis. M\u0101ksl\u012bg\u0101s \u0101das apt\u012b\u0161ana ap roku balstiem ir dekorat\u012bva deta\u013ca, kas pace\u013c dizainu n\u0101kamaj\u0101 l\u012bmen\u012b. BOTO kolekcija sast\u0101v no kr\u0113sliem, b\u0101ra un letes kr\u0113sliem, un atp\u016btas kr\u0113sliem.<\/p>","protected":false},"featured_media":14232,"template":"","meta":{"_acf_changed":false},"product_brand":[],"product_cat":[28,38],"product_tag":[37],"class_list":{"0":"post-31946","1":"product","2":"type-product","3":"status-publish","4":"has-post-thumbnail","6":"product_cat-kresli","7":"product_cat-kresli-pie-galda","8":"product_tag-dan-form","10":"first","11":"instock","12":"shipping-taxable","13":"purchasable","14":"product-type-simple"},"acf":[],"_links":{"self":[{"href":"https:\/\/lightup.lv\/lt\/wp-json\/wp\/v2\/product\/31946","targetHints":{"allow":["GET"]}}],"collection":[{"href":"https:\/\/lightup.lv\/lt\/wp-json\/wp\/v2\/product"}],"about":[{"href":"https:\/\/lightup.lv\/lt\/wp-json\/wp\/v2\/types\/product"}],"wp:featuredmedia":[{"embeddable":true,"href":"https:\/\/lightup.lv\/lt\/wp-json\/wp\/v2\/media\/14232"}],"wp:attachment":[{"href":"https:\/\/lightup.lv\/lt\/wp-json\/wp\/v2\/media?parent=31946"}],"wp:term":[{"taxonomy":"product_brand","embeddable":true,"href":"https:\/\/lightup.lv\/lt\/wp-json\/wp\/v2\/product_brand?post=31946"},{"taxonomy":"product_cat","embeddable":true,"href":"https:\/\/lightup.lv\/lt\/wp-json\/wp\/v2\/product_cat?post=31946"},{"taxonomy":"product_tag","embeddable":true,"href":"https:\/\/lightup.lv\/lt\/wp-json\/wp\/v2\/product_tag?post=31946"}],"curies":[{"name":"wp","href":"https:\/\/api.w.org\/{rel}","templated":true}]}}