{"id":31954,"date":"2022-05-26T19:04:46","date_gmt":"2022-05-26T17:04:46","guid":{"rendered":"https:\/\/lightup.lv\/precu-katalogs\/pusbara-kresls-cloud-gaisi-bruns\/"},"modified":"2024-04-02T13:53:30","modified_gmt":"2024-04-02T11:53:30","slug":"pusbara-kresls-cloud-gaisi-bruns","status":"publish","type":"product","link":"https:\/\/lightup.lv\/lt\/produktu-katalogas\/pusbara-kresls-cloud-gaisi-bruns\/","title":{"rendered":"Pusb\u0101ra kr\u0113sls Cloud gai\u0161i br\u016bns"},"content":{"rendered":"<p>Kr\u0101sa: Gai\u0161i br\u016bna<br \/>\nS\u0117dyn\u0117s med\u017eiaga: dirbtin\u0117 oda<br \/>\nKojeli\u0173 med\u017eiaga: metalas\/plienas<br \/>\nSudedamas ant vienos vietos: Ne<br \/>\nKr\u0113sla augstums: 100 cm<br \/>\nKr\u0113sla platums: 48 cm<br \/>\nK\u0117d\u0117s gylis: 54 cm<br \/>\nS\u0117dyn\u0117s auk\u0161tis: 67 cm<br \/>\nS\u0113des dzi\u013cums: 36 cm<br \/>\nSvars neto: 6.4 kg<\/p>\n<p>ID 300800210<\/p>","protected":false},"excerpt":{"rendered":"<p>B\u0101ra un letes kr\u0113slus ir izstr\u0101d\u0101jusi Marianne Bjarl\u00f8v, un tiem ir organiskas, noapa\u013cotas s\u0113des malas un elegantas, koniskas k\u0101jas, kas pie\u0161\u0137ir dizainam vieglumu. B\u0101ra un letes kr\u0113sli izskat\u0101s labi no jebkura le\u0146\u0137a, nedomin\u0113jot telp\u0101. Letes kr\u0113sls ir zems b\u0101ra kr\u0113sls, kas atbilst letes galda virsmas augstumam. Cloud kolekcija sast\u0101v no \u0113damistabas kr\u0113sliem, b\u0101ra kr\u0113sliem un letes kr\u0113sliem.<\/p>","protected":false},"featured_media":14324,"template":"","meta":{"_acf_changed":false},"product_brand":[],"product_cat":[28,38,41],"product_tag":[37],"class_list":{"0":"post-31954","1":"product","2":"type-product","3":"status-publish","4":"has-post-thumbnail","6":"product_cat-kresli","7":"product_cat-kresli-pie-galda","8":"product_cat-pusbara-kresli","9":"product_tag-dan-form","11":"first","12":"instock","13":"sale","14":"shipping-taxable","15":"purchasable","16":"product-type-simple"},"acf":[],"_links":{"self":[{"href":"https:\/\/lightup.lv\/lt\/wp-json\/wp\/v2\/product\/31954","targetHints":{"allow":["GET"]}}],"collection":[{"href":"https:\/\/lightup.lv\/lt\/wp-json\/wp\/v2\/product"}],"about":[{"href":"https:\/\/lightup.lv\/lt\/wp-json\/wp\/v2\/types\/product"}],"wp:featuredmedia":[{"embeddable":true,"href":"https:\/\/lightup.lv\/lt\/wp-json\/wp\/v2\/media\/14324"}],"wp:attachment":[{"href":"https:\/\/lightup.lv\/lt\/wp-json\/wp\/v2\/media?parent=31954"}],"wp:term":[{"taxonomy":"product_brand","embeddable":true,"href":"https:\/\/lightup.lv\/lt\/wp-json\/wp\/v2\/product_brand?post=31954"},{"taxonomy":"product_cat","embeddable":true,"href":"https:\/\/lightup.lv\/lt\/wp-json\/wp\/v2\/product_cat?post=31954"},{"taxonomy":"product_tag","embeddable":true,"href":"https:\/\/lightup.lv\/lt\/wp-json\/wp\/v2\/product_tag?post=31954"}],"curies":[{"name":"wp","href":"https:\/\/api.w.org\/{rel}","templated":true}]}}