{"id":31959,"date":"2022-05-26T19:07:39","date_gmt":"2022-05-26T17:07:39","guid":{"rendered":"https:\/\/lightup.lv\/precu-katalogs\/auduma-kresls-cloud-zals\/"},"modified":"2025-05-16T13:55:45","modified_gmt":"2025-05-16T11:55:45","slug":"auduma-kresls-cloud-zals","status":"publish","type":"product","link":"https:\/\/lightup.lv\/lt\/produktu-katalogas\/auduma-kresls-cloud-zals\/","title":{"rendered":"Auduma kr\u0113sls Cloud za\u013c\u0161"},"content":{"rendered":"<p>Kr\u0101sa: Za\u013ca<br \/>\nS\u0113des materi\u0101ls: Audums<br \/>\nKojeli\u0173 med\u017eiaga: metalas\/plienas<br \/>\nSudedamas ant vienos vietos: Ne<br \/>\nK\u0117d\u0117s auk\u0161tis: 85 cm<br \/>\nKr\u0113sla platums: 50 cm<br \/>\nK\u0117d\u0117s gylis: 56 cm<br \/>\nS\u0117dyn\u0117s auk\u0161tis: 48 cm<br \/>\nS\u0117dyn\u0117s gylis: 38 cm<br \/>\nSvars neto: 6 kg<\/p>\n<p>ID 100800285<\/p>","protected":false},"excerpt":{"rendered":"<p>Marianne Bjarl\u00f8v izstr\u0101d\u0101tajam kr\u0113slam Cloud ir vienk\u0101r\u0161a, ta\u010du iespaid\u012bga forma ar organisk\u0101m, noapa\u013cot\u0101m s\u0113dek\u013ca mal\u0101m un elegant\u0101m, konisk\u0101m k\u0101j\u0101m, kas pie\u0161\u0137ir dizainam vieglumu. Tas ir kr\u0113sls, kas izskat\u0101s labi no jebkura le\u0146\u0137a, nedomin\u0113jot telp\u0101. Cloud kolekcija sast\u0101v no \u0113damistabas kr\u0113sliem, b\u0101ra kr\u0113sliem un letes kr\u0113sliem.<\/p>","protected":false},"featured_media":35733,"template":"","meta":{"_acf_changed":false},"product_brand":[],"product_cat":[28,38],"product_tag":[37],"class_list":{"0":"post-31959","1":"product","2":"type-product","3":"status-publish","4":"has-post-thumbnail","6":"product_cat-kresli","7":"product_cat-kresli-pie-galda","8":"product_tag-dan-form","10":"first","11":"instock","12":"sale","13":"shipping-taxable","14":"purchasable","15":"product-type-simple"},"acf":[],"_links":{"self":[{"href":"https:\/\/lightup.lv\/lt\/wp-json\/wp\/v2\/product\/31959","targetHints":{"allow":["GET"]}}],"collection":[{"href":"https:\/\/lightup.lv\/lt\/wp-json\/wp\/v2\/product"}],"about":[{"href":"https:\/\/lightup.lv\/lt\/wp-json\/wp\/v2\/types\/product"}],"wp:featuredmedia":[{"embeddable":true,"href":"https:\/\/lightup.lv\/lt\/wp-json\/wp\/v2\/media\/35733"}],"wp:attachment":[{"href":"https:\/\/lightup.lv\/lt\/wp-json\/wp\/v2\/media?parent=31959"}],"wp:term":[{"taxonomy":"product_brand","embeddable":true,"href":"https:\/\/lightup.lv\/lt\/wp-json\/wp\/v2\/product_brand?post=31959"},{"taxonomy":"product_cat","embeddable":true,"href":"https:\/\/lightup.lv\/lt\/wp-json\/wp\/v2\/product_cat?post=31959"},{"taxonomy":"product_tag","embeddable":true,"href":"https:\/\/lightup.lv\/lt\/wp-json\/wp\/v2\/product_tag?post=31959"}],"curies":[{"name":"wp","href":"https:\/\/api.w.org\/{rel}","templated":true}]}}