{"id":31978,"date":"2022-05-27T10:22:30","date_gmt":"2022-05-27T08:22:30","guid":{"rendered":"https:\/\/lightup.lv\/precu-katalogs\/pusbara-bresls-dolphin-bruns\/"},"modified":"2024-04-02T13:53:10","modified_gmt":"2024-04-02T11:53:10","slug":"pusbara-bresls-dolphin-bruns","status":"publish","type":"product","link":"https:\/\/lightup.lv\/lt\/produktu-katalogas\/pusbara-bresls-dolphin-bruns\/","title":{"rendered":"Pusb\u0101ra br\u0113sls DOLPHIN br\u016bns"},"content":{"rendered":"<p>Spalva: ruda<br \/>\nS\u0117dyn\u0117s med\u017eiaga: dirbtin\u0117 oda<br \/>\nKojeli\u0173 med\u017eiaga: metalas\/plienas<br \/>\nSudedamas ant vienos vietos: Ne<br \/>\nKr\u0113sla augstums: 97 cm<br \/>\nKr\u0113sla platums: 46 cm<br \/>\nKr\u0113sla dzi\u013cums: 45.5 cm<br \/>\nS\u0117dyn\u0117s auk\u0161tis: 65 cm<br \/>\nSvars neto: 4.8 kg<\/p>\n<p>ID 200458730<\/p>","protected":false},"excerpt":{"rendered":"<p>Bjarke Nielsen izstr\u0101d\u0101tajam DOLPHIN b\u0101ra kr\u0113slam ir zieme\u013cniecisks dizains. S\u0113dek\u013ca pamat\u0101 ir liekta koka apvalks, kas papildina s\u0113d\u0113\u0161anas komfortu, un tam ir skaista ar rok\u0101m \u0161\u016bta apdare gar mal\u0101m. \u0160\u012b zem\u0101 b\u0101ra kr\u0113sla augstums ir piem\u0113rots galda virsmas augstumam. Dolphin kolekcija sast\u0101v no \u0113damistabas kr\u0113sliem, b\u0101ra kr\u0113sliem un letes kr\u0113sliem.<\/p>","protected":false},"featured_media":14604,"template":"","meta":{"_acf_changed":false},"product_brand":[],"product_cat":[28,38,41],"product_tag":[37],"class_list":{"0":"post-31978","1":"product","2":"type-product","3":"status-publish","4":"has-post-thumbnail","6":"product_cat-kresli","7":"product_cat-kresli-pie-galda","8":"product_cat-pusbara-kresli","9":"product_tag-dan-form","11":"first","12":"instock","13":"sale","14":"shipping-taxable","15":"purchasable","16":"product-type-simple"},"acf":[],"_links":{"self":[{"href":"https:\/\/lightup.lv\/lt\/wp-json\/wp\/v2\/product\/31978","targetHints":{"allow":["GET"]}}],"collection":[{"href":"https:\/\/lightup.lv\/lt\/wp-json\/wp\/v2\/product"}],"about":[{"href":"https:\/\/lightup.lv\/lt\/wp-json\/wp\/v2\/types\/product"}],"wp:featuredmedia":[{"embeddable":true,"href":"https:\/\/lightup.lv\/lt\/wp-json\/wp\/v2\/media\/14604"}],"wp:attachment":[{"href":"https:\/\/lightup.lv\/lt\/wp-json\/wp\/v2\/media?parent=31978"}],"wp:term":[{"taxonomy":"product_brand","embeddable":true,"href":"https:\/\/lightup.lv\/lt\/wp-json\/wp\/v2\/product_brand?post=31978"},{"taxonomy":"product_cat","embeddable":true,"href":"https:\/\/lightup.lv\/lt\/wp-json\/wp\/v2\/product_cat?post=31978"},{"taxonomy":"product_tag","embeddable":true,"href":"https:\/\/lightup.lv\/lt\/wp-json\/wp\/v2\/product_tag?post=31978"}],"curies":[{"name":"wp","href":"https:\/\/api.w.org\/{rel}","templated":true}]}}