{"id":31991,"date":"2022-05-27T10:52:04","date_gmt":"2022-05-27T08:52:04","guid":{"rendered":"https:\/\/lightup.lv\/precu-katalogs\/pusdienu-galds-eclipse-gaisi-bruns-2\/"},"modified":"2025-05-13T11:35:43","modified_gmt":"2025-05-13T09:35:43","slug":"pusdienu-galds-eclipse-gaisi-bruns-2","status":"publish","type":"product","link":"https:\/\/lightup.lv\/lt\/produktu-katalogas\/pusdienu-galds-eclipse-gaisi-bruns-2\/","title":{"rendered":"Valgomojo stalas ECLIPSE \u0161viesiai rudas"},"content":{"rendered":"<p>Kr\u0101sa: Gai\u0161i br\u016bna<br \/>\nMed\u017eiaga: Mediena<br \/>\nAuk\u0161tis: 75 cm<br \/>\nPlatums: 120 cm<br \/>\nGarums: 120 cm<br \/>\nSvars neto: 23 kg<\/p>\n<p>ID 400801711<\/p>","protected":false},"excerpt":{"rendered":"<p>Apa\u013cais ECLIPSE galds ir piem\u0113rots maz\u0101k\u0101m telp\u0101m. L\u016bdzu, \u0146emiet v\u0113r\u0101, ka k\u0101jas tiek pas\u016bt\u012btas atsevi\u0161\u0137i.<\/p>","protected":false},"featured_media":35711,"template":"","meta":{"_acf_changed":false},"product_brand":[],"product_cat":[22,23],"product_tag":[37],"class_list":{"0":"post-31991","1":"product","2":"type-product","3":"status-publish","4":"has-post-thumbnail","6":"product_cat-galdi","7":"product_cat-pusdienu-galdi","8":"product_tag-dan-form","10":"first","11":"instock","12":"shipping-taxable","13":"purchasable","14":"product-type-simple"},"acf":[],"_links":{"self":[{"href":"https:\/\/lightup.lv\/lt\/wp-json\/wp\/v2\/product\/31991","targetHints":{"allow":["GET"]}}],"collection":[{"href":"https:\/\/lightup.lv\/lt\/wp-json\/wp\/v2\/product"}],"about":[{"href":"https:\/\/lightup.lv\/lt\/wp-json\/wp\/v2\/types\/product"}],"wp:featuredmedia":[{"embeddable":true,"href":"https:\/\/lightup.lv\/lt\/wp-json\/wp\/v2\/media\/35711"}],"wp:attachment":[{"href":"https:\/\/lightup.lv\/lt\/wp-json\/wp\/v2\/media?parent=31991"}],"wp:term":[{"taxonomy":"product_brand","embeddable":true,"href":"https:\/\/lightup.lv\/lt\/wp-json\/wp\/v2\/product_brand?post=31991"},{"taxonomy":"product_cat","embeddable":true,"href":"https:\/\/lightup.lv\/lt\/wp-json\/wp\/v2\/product_cat?post=31991"},{"taxonomy":"product_tag","embeddable":true,"href":"https:\/\/lightup.lv\/lt\/wp-json\/wp\/v2\/product_tag?post=31991"}],"curies":[{"name":"wp","href":"https:\/\/api.w.org\/{rel}","templated":true}]}}