{"id":31999,"date":"2022-05-28T17:03:43","date_gmt":"2022-05-28T15:03:43","guid":{"rendered":"https:\/\/lightup.lv\/precu-katalogs\/bara-kresls-flair-regulejams-bruns\/"},"modified":"2025-05-17T12:25:03","modified_gmt":"2025-05-17T10:25:03","slug":"bara-kresls-flair-regulejams-bruns","status":"publish","type":"product","link":"https:\/\/lightup.lv\/lt\/produktu-katalogas\/bara-kresls-flair-regulejams-bruns\/","title":{"rendered":"B\u0101ra kr\u0113sls FLAIR regul\u0113jams br\u016bns"},"content":{"rendered":"<p><span data-sheets-value=\"{&quot;1&quot;:2,&quot;2&quot;:&quot;Kr\u0101sa: Br\u016bnanMateri\u0101ls: \u0100danKr\u0113sla k\u0101ju materi\u0101ls: Met\u0101ls\/t\u0113raudsnSakraujams viens uz otra: N\u0113nKr\u0113sla augstums: 76-100 cmnKr\u0113sla platums: 57 cmnKr\u0113sla dzi\u013cums: 46 cmnS\u0113des augstums: 50-75 cmnSvars neto: 15 kg&quot;}\" data-sheets-userformat=\"{&quot;2&quot;:769,&quot;3&quot;:{&quot;1&quot;:0},&quot;11&quot;:3,&quot;12&quot;:0}\">Spalva: ruda<br \/>\nMed\u017eiaga: Oda<br \/>\nK\u0117d\u0117s koj\u0173 med\u017eiaga: metalas\/plienas<br \/>\nSudedamas ant vienos vietos: Ne<br \/>\nKr\u0113sla augstums: 76-100 cm<br \/>\nK\u0117d\u0117s plotis: 57 cm<br \/>\nKr\u0113sla dzi\u013cums: 46 cm<br \/>\nS\u0113des augstums: 50-75 cm<br \/>\nSvars neto: 15 kg<\/span><\/p>\n<p>ID 200222586<\/p>","protected":false},"excerpt":{"rendered":"<p><span data-sheets-value=\"{&quot;1&quot;:2,&quot;2&quot;:&quot;B\u0101ra kr\u0113sls FLAIR pie\u0161\u0137ir svaigu, modernu izskatu jebkuram b\u0101ram gan m\u0101j\u0101s, gan sabiedrisk\u0101s viet\u0101s. Rakstur\u012bg\u0101 atzveltne veido ar\u012b roku balstus, un s\u0113deklim ir pagrie\u017eama funkcija. Kr\u0113sls ir regul\u0113jams gan letes, gan b\u0101ra augstum\u0101. Kolekcija FLAIR sast\u0101v no kr\u0113sliem, b\u0101ra kr\u0113sliem un letes kr\u0113sliem.&quot;}\" data-sheets-userformat=\"{&quot;2&quot;:769,&quot;3&quot;:{&quot;1&quot;:0},&quot;11&quot;:3,&quot;12&quot;:0}\">B\u0101ra kr\u0113sls FLAIR pie\u0161\u0137ir svaigu, modernu izskatu jebkuram b\u0101ram gan m\u0101j\u0101s, gan sabiedrisk\u0101s viet\u0101s. Rakstur\u012bg\u0101 atzveltne veido ar\u012b roku balstus, un s\u0113deklim ir pagrie\u017eama funkcija. Kr\u0113sls ir regul\u0113jams gan letes, gan b\u0101ra augstum\u0101. Kolekcija FLAIR sast\u0101v no kr\u0113sliem, b\u0101ra kr\u0113sliem un letes kr\u0113sliem.<\/span><\/p>","protected":false},"featured_media":35760,"template":"","meta":{"_acf_changed":false},"product_brand":[],"product_cat":[28,29],"product_tag":[37],"class_list":{"0":"post-31999","1":"product","2":"type-product","3":"status-publish","4":"has-post-thumbnail","6":"product_cat-kresli","7":"product_cat-bara-kresli","8":"product_tag-dan-form","10":"first","11":"instock","12":"shipping-taxable","13":"purchasable","14":"product-type-simple"},"acf":[],"_links":{"self":[{"href":"https:\/\/lightup.lv\/lt\/wp-json\/wp\/v2\/product\/31999","targetHints":{"allow":["GET"]}}],"collection":[{"href":"https:\/\/lightup.lv\/lt\/wp-json\/wp\/v2\/product"}],"about":[{"href":"https:\/\/lightup.lv\/lt\/wp-json\/wp\/v2\/types\/product"}],"wp:featuredmedia":[{"embeddable":true,"href":"https:\/\/lightup.lv\/lt\/wp-json\/wp\/v2\/media\/35760"}],"wp:attachment":[{"href":"https:\/\/lightup.lv\/lt\/wp-json\/wp\/v2\/media?parent=31999"}],"wp:term":[{"taxonomy":"product_brand","embeddable":true,"href":"https:\/\/lightup.lv\/lt\/wp-json\/wp\/v2\/product_brand?post=31999"},{"taxonomy":"product_cat","embeddable":true,"href":"https:\/\/lightup.lv\/lt\/wp-json\/wp\/v2\/product_cat?post=31999"},{"taxonomy":"product_tag","embeddable":true,"href":"https:\/\/lightup.lv\/lt\/wp-json\/wp\/v2\/product_tag?post=31999"}],"curies":[{"name":"wp","href":"https:\/\/api.w.org\/{rel}","templated":true}]}}