{"id":32003,"date":"2022-05-28T17:20:31","date_gmt":"2022-05-28T15:20:31","guid":{"rendered":"https:\/\/lightup.lv\/precu-katalogs\/pusbara-kresls-flair-melns\/"},"modified":"2024-04-02T13:54:09","modified_gmt":"2024-04-02T11:54:09","slug":"pusfotelis-su-flirto-formos-rankena-juodas","status":"publish","type":"product","link":"https:\/\/lightup.lv\/lt\/produktu-katalogas\/pusfotelis-su-flirto-formos-rankena-juodas\/","title":{"rendered":"Baro k\u0117d\u0117 FLAIR juoda"},"content":{"rendered":"<p><span data-sheets-value=\"{&quot;1&quot;:2,&quot;2&quot;:&quot;Kr\u0101sa: MelnanMateri\u0101ls: M\u0101ksl\u012bg\u0101 \u0101danKr\u0113sla k\u0101ju materi\u0101ls: Met\u0101ls\/t\u0113raudsnSakraujams viens uz otra: N\u0113nKr\u0113sla augstums: 90 cmnKr\u0113sla platums: 58 cmnKr\u0113sla dzi\u013cums: 50 cmnS\u0113des augstums: 65 cmnSvars neto: 6.3 kg&quot;}\" data-sheets-userformat=\"{&quot;2&quot;:769,&quot;3&quot;:{&quot;1&quot;:0},&quot;11&quot;:3,&quot;12&quot;:0}\">Spalva: juoda<br \/>\nMed\u017eiaga: dirbtin\u0117 oda<br \/>\nK\u0117d\u0117s koj\u0173 med\u017eiaga: metalas\/plienas<br \/>\nSudedamas ant vienos vietos: Ne<br \/>\nK\u0117d\u0117s auk\u0161tis: 90 cm<br \/>\nK\u0117d\u0117s plotis: 58 cm<br \/>\nK\u0117d\u0117s gylis: 50 cm<br \/>\nS\u0117dyn\u0117s auk\u0161tis: 65 cm<br \/>\nGrynasis svoris: 6,3 kg<\/span><\/p>\n<p>ID 200801590<\/p>","protected":false},"excerpt":{"rendered":"<p><span data-sheets-value=\"{&quot;1&quot;:2,&quot;2&quot;:&quot;FLAIR pusb\u0101ra kr\u0113sli pie\u0161\u0137ir svaigu, modernu izskatu jebkuram b\u0101ram gan m\u0101j\u0101s, gan sabiedrisk\u0101s viet\u0101s. Kr\u0113sla rakstur\u012bg\u0101 atzveltne veido ar\u012b roku balstus. Pusb\u0101ra kr\u0113sla augstums ir piem\u0113rots aptuveni 90 cm letes virsmas augstumam. Kolekcija FLAIR sast\u0101v no kr\u0113sliem, b\u0101ra kr\u0113sliem un letes kr\u0113sliem.&quot;}\" data-sheets-userformat=\"{&quot;2&quot;:769,&quot;3&quot;:{&quot;1&quot;:0},&quot;11&quot;:3,&quot;12&quot;:0}\">FLAIR pusbario k\u0117d\u0117s suteikia gaivumo, modernumo bet kokiam barui, tiek namuose, tiek vie\u0161ose erdv\u0117se. B\u016bdingas k\u0117d\u0117s atlo\u0161as taip pat sudaro porankius. Pusbario k\u0117d\u0117s auk\u0161tis tinka ma\u017edaug 90 cm auk\u0161\u010dio prekystaliui. FLAIR kolekcij\u0105 sudaro k\u0117d\u0117s, baro k\u0117d\u0117s ir prekystalio k\u0117d\u0117s.<\/span><\/p>","protected":false},"featured_media":14931,"template":"","meta":{"_acf_changed":false},"product_brand":[],"product_cat":[28,41],"product_tag":[37],"class_list":{"0":"post-32003","1":"product","2":"type-product","3":"status-publish","4":"has-post-thumbnail","6":"product_cat-kresli","7":"product_cat-pusbara-kresli","8":"product_tag-dan-form","10":"first","11":"instock","12":"sale","13":"shipping-taxable","14":"purchasable","15":"product-type-simple"},"acf":[],"_links":{"self":[{"href":"https:\/\/lightup.lv\/lt\/wp-json\/wp\/v2\/product\/32003","targetHints":{"allow":["GET"]}}],"collection":[{"href":"https:\/\/lightup.lv\/lt\/wp-json\/wp\/v2\/product"}],"about":[{"href":"https:\/\/lightup.lv\/lt\/wp-json\/wp\/v2\/types\/product"}],"wp:featuredmedia":[{"embeddable":true,"href":"https:\/\/lightup.lv\/lt\/wp-json\/wp\/v2\/media\/14931"}],"wp:attachment":[{"href":"https:\/\/lightup.lv\/lt\/wp-json\/wp\/v2\/media?parent=32003"}],"wp:term":[{"taxonomy":"product_brand","embeddable":true,"href":"https:\/\/lightup.lv\/lt\/wp-json\/wp\/v2\/product_brand?post=32003"},{"taxonomy":"product_cat","embeddable":true,"href":"https:\/\/lightup.lv\/lt\/wp-json\/wp\/v2\/product_cat?post=32003"},{"taxonomy":"product_tag","embeddable":true,"href":"https:\/\/lightup.lv\/lt\/wp-json\/wp\/v2\/product_tag?post=32003"}],"curies":[{"name":"wp","href":"https:\/\/api.w.org\/{rel}","templated":true}]}}