{"id":32015,"date":"2022-05-28T18:06:42","date_gmt":"2022-05-28T16:06:42","guid":{"rendered":"https:\/\/lightup.lv\/precu-katalogs\/kresls-flair-balts-bess-2\/"},"modified":"2024-04-02T13:18:03","modified_gmt":"2024-04-02T11:18:03","slug":"kresls-flair-balts-bess-2","status":"publish","type":"product","link":"https:\/\/lightup.lv\/lt\/produktu-katalogas\/kresls-flair-balts-bess-2\/","title":{"rendered":"Kr\u0113sls FLAIR balts\/b\u0113\u0161s"},"content":{"rendered":"<p><span data-sheets-value=\"{&quot;1&quot;:2,&quot;2&quot;:&quot;Kr\u0101sa: Balta\/B\u0113\u0161anMateri\u0101ls: Audums RPESnKr\u0113sla k\u0101ju materi\u0101ls: Met\u0101ls\/t\u0113raudsnSakraujams viens uz otra: N\u0113nKr\u0113sla augstums: 82 cmnKr\u0113sla platums: 64 cmnKr\u0113sla dzi\u013cums: 56 cmnS\u0113des augstums: 48 cmnS\u0113des dzi\u013cums: 39 cmnSvars neto: 6.2 kg&quot;}\" data-sheets-userformat=\"{&quot;2&quot;:769,&quot;3&quot;:{&quot;1&quot;:0},&quot;11&quot;:3,&quot;12&quot;:0}\">Kr\u0101sa: Balta\/B\u0113\u0161a<br \/>\nMateri\u0101ls: Audums RPES<br \/>\nK\u0117d\u0117s koj\u0173 med\u017eiaga: metalas\/plienas<br \/>\nSudedamas ant vienos vietos: Ne<br \/>\nKr\u0113sla augstums: 82 cm<br \/>\nK\u0117d\u0117s plotis: 64 cm<br \/>\nK\u0117d\u0117s gylis: 56 cm<br \/>\nS\u0117dyn\u0117s auk\u0161tis: 48 cm<br \/>\nS\u0117dyn\u0117s gylis: 39 cm<br \/>\nSvars neto: 6.2 kg<\/span><\/p>\n<p>ID 100222436<\/p>","protected":false},"excerpt":{"rendered":"<p><span data-sheets-value=\"{&quot;1&quot;:2,&quot;2&quot;:&quot;FLAIR ienes m\u016bsdien\u012bgu, greznu un zieme\u013cniecisku stilu ar muguru, kas izstiepta l\u012bdz roku balstiem, un ar rok\u0101m \u0161\u016bt\u0101m \u0161uv\u0113m ap kr\u0113sla mal\u0101m. FLAIR kr\u0113sls pied\u0101v\u0101 lielisku s\u0113d\u0113\u0161anas komfortu, kas ir ide\u0101li piem\u0113rots gar\u0101m sarun\u0101m pie vakari\u0146u vai san\u0101ksmju galda. Kolekcija FLAIR sast\u0101v no kr\u0113sliem, b\u0101ra kr\u0113sliem un letes kr\u0113sliem.&quot;}\" data-sheets-userformat=\"{&quot;2&quot;:769,&quot;3&quot;:{&quot;1&quot;:0},&quot;11&quot;:3,&quot;12&quot;:0}\">FLAIR k\u0117d\u0117 pasi\u017eymi moderniu, prabangiu ir \u0161iaurieti\u0161ku stiliumi, pasi\u017eymin\u010diu iki poranki\u0173 siekian\u010dia atlo\u0161u ir rankomis si\u016btomis si\u016bl\u0117mis aplink k\u0117d\u0117s kra\u0161tus. FLAIR k\u0117d\u0117 pasi\u017eymi puikiu s\u0117d\u0117jimo komfortu, idealiai tinkan\u010diu ilgiems pokalbiams prie vakarien\u0117s ar pos\u0117d\u017ei\u0173 stalo. FLAIR kolekcij\u0105 sudaro k\u0117d\u0117s, baro k\u0117d\u0117s ir baro k\u0117d\u0117s.<\/span><\/p>","protected":false},"featured_media":15093,"template":"","meta":{"_acf_changed":false},"product_brand":[],"product_cat":[28,38],"product_tag":[37],"class_list":{"0":"post-32015","1":"product","2":"type-product","3":"status-publish","4":"has-post-thumbnail","6":"product_cat-kresli","7":"product_cat-kresli-pie-galda","8":"product_tag-dan-form","10":"first","11":"instock","12":"shipping-taxable","13":"purchasable","14":"product-type-simple"},"acf":[],"_links":{"self":[{"href":"https:\/\/lightup.lv\/lt\/wp-json\/wp\/v2\/product\/32015","targetHints":{"allow":["GET"]}}],"collection":[{"href":"https:\/\/lightup.lv\/lt\/wp-json\/wp\/v2\/product"}],"about":[{"href":"https:\/\/lightup.lv\/lt\/wp-json\/wp\/v2\/types\/product"}],"wp:featuredmedia":[{"embeddable":true,"href":"https:\/\/lightup.lv\/lt\/wp-json\/wp\/v2\/media\/15093"}],"wp:attachment":[{"href":"https:\/\/lightup.lv\/lt\/wp-json\/wp\/v2\/media?parent=32015"}],"wp:term":[{"taxonomy":"product_brand","embeddable":true,"href":"https:\/\/lightup.lv\/lt\/wp-json\/wp\/v2\/product_brand?post=32015"},{"taxonomy":"product_cat","embeddable":true,"href":"https:\/\/lightup.lv\/lt\/wp-json\/wp\/v2\/product_cat?post=32015"},{"taxonomy":"product_tag","embeddable":true,"href":"https:\/\/lightup.lv\/lt\/wp-json\/wp\/v2\/product_tag?post=32015"}],"curies":[{"name":"wp","href":"https:\/\/api.w.org\/{rel}","templated":true}]}}