{"id":32026,"date":"2022-05-29T11:42:43","date_gmt":"2022-05-29T09:42:43","guid":{"rendered":"https:\/\/lightup.lv\/precu-katalogs\/bara-kresls-glam-peleks\/"},"modified":"2025-09-11T16:19:48","modified_gmt":"2025-09-11T14:19:48","slug":"bara-kresls-glam-peleks","status":"publish","type":"product","link":"https:\/\/lightup.lv\/lt\/produktu-katalogas\/bara-kresls-glam-peleks\/","title":{"rendered":"B\u0101ra kr\u0113sls GLAM pel\u0113ks"},"content":{"rendered":"<p><span data-sheets-value=\"{&quot;1&quot;:2,&quot;2&quot;:&quot;Kr\u0101sa: Pel\u0113kanMateri\u0101ls: AudumsnKr\u0113sla k\u0101ju materi\u0101ls: Met\u0101ls\/t\u0113raudsnSakraujams viens uz otra: N\u0113nKr\u0113sla augstums: 106 cmnKr\u0113sla platums: 49 cmnKr\u0113sla dzi\u013cums: 56 cmnS\u0113des augstums: 78 cmnS\u0113des dzi\u013cums: 41.50 cmnSvars neto: 7 kg&quot;}\" data-sheets-userformat=\"{&quot;2&quot;:769,&quot;3&quot;:{&quot;1&quot;:0},&quot;11&quot;:3,&quot;12&quot;:0}\">Kr\u0101sa: Pel\u0113ka<br \/>\nMed\u017eiaga: Audinys<br \/>\nK\u0117d\u0117s koj\u0173 med\u017eiaga: metalas\/plienas<br \/>\nSudedamas ant vienos vietos: Ne<br \/>\nKr\u0113sla augstums: 106 cm<br \/>\nK\u0117d\u0117s plotis: 49 cm<br \/>\nK\u0117d\u0117s gylis: 56 cm<br \/>\nS\u0113des augstums: 78 cm<br \/>\nS\u0113des dzi\u013cums: 41.50 cm<br \/>\nSvars neto: 7 kg<\/span><\/p>\n<p>ID 200206102<\/p>","protected":false},"excerpt":{"rendered":"<p><span data-sheets-value=\"{&quot;1&quot;:2,&quot;2&quot;:&quot;\u0112rts un stil\u012bgs b\u0101ra kr\u0113sls iederas gan sabiedrisk\u0101s viet\u0101s, piem\u0113ram, viesn\u012bc\u0101s un restor\u0101nos, gan priv\u0101tm\u0101j\u0101s. GLAM kolekcija sast\u0101v no kr\u0113sliem, b\u0101ra kr\u0113sliem un letes kr\u0113sliem.&quot;}\" data-sheets-userformat=\"{&quot;2&quot;:769,&quot;3&quot;:{&quot;1&quot;:0},&quot;11&quot;:3,&quot;12&quot;:0}\">\u0112rts un stil\u012bgs b\u0101ra kr\u0113sls iederas gan sabiedrisk\u0101s viet\u0101s, piem\u0113ram, viesn\u012bc\u0101s un restor\u0101nos, gan priv\u0101tm\u0101j\u0101s. GLAM kolekcija sast\u0101v no kr\u0113sliem, b\u0101ra kr\u0113sliem un letes kr\u0113sliem.<\/span><\/p>","protected":false},"featured_media":35762,"template":"","meta":{"_acf_changed":false},"product_brand":[],"product_cat":[28,29],"product_tag":[37],"class_list":{"0":"post-32026","1":"product","2":"type-product","3":"status-publish","4":"has-post-thumbnail","6":"product_cat-kresli","7":"product_cat-bara-kresli","8":"product_tag-dan-form","10":"first","11":"instock","12":"shipping-taxable","13":"purchasable","14":"product-type-simple"},"acf":[],"_links":{"self":[{"href":"https:\/\/lightup.lv\/lt\/wp-json\/wp\/v2\/product\/32026","targetHints":{"allow":["GET"]}}],"collection":[{"href":"https:\/\/lightup.lv\/lt\/wp-json\/wp\/v2\/product"}],"about":[{"href":"https:\/\/lightup.lv\/lt\/wp-json\/wp\/v2\/types\/product"}],"wp:featuredmedia":[{"embeddable":true,"href":"https:\/\/lightup.lv\/lt\/wp-json\/wp\/v2\/media\/35762"}],"wp:attachment":[{"href":"https:\/\/lightup.lv\/lt\/wp-json\/wp\/v2\/media?parent=32026"}],"wp:term":[{"taxonomy":"product_brand","embeddable":true,"href":"https:\/\/lightup.lv\/lt\/wp-json\/wp\/v2\/product_brand?post=32026"},{"taxonomy":"product_cat","embeddable":true,"href":"https:\/\/lightup.lv\/lt\/wp-json\/wp\/v2\/product_cat?post=32026"},{"taxonomy":"product_tag","embeddable":true,"href":"https:\/\/lightup.lv\/lt\/wp-json\/wp\/v2\/product_tag?post=32026"}],"curies":[{"name":"wp","href":"https:\/\/api.w.org\/{rel}","templated":true}]}}