{"id":32045,"date":"2022-05-29T18:07:35","date_gmt":"2022-05-29T16:07:35","guid":{"rendered":"https:\/\/lightup.lv\/precu-katalogs\/pusbara-kresls-hype-peleks\/"},"modified":"2024-04-02T13:56:25","modified_gmt":"2024-04-02T11:56:25","slug":"pusbara-kresls-hype-peleks","status":"publish","type":"product","link":"https:\/\/lightup.lv\/lt\/precu-katalogs\/pusbara-kresls-hype-peleks\/","title":{"rendered":"Pusb\u0101ra kr\u0113sls HYPE pel\u0113ks"},"content":{"rendered":"<p><span data-sheets-value=\"{&quot;1&quot;:2,&quot;2&quot;:&quot;Kr\u0101sa: Tum\u0161i pel\u0113kanMateri\u0101ls: M\u0101ksl\u012bg\u0101 \u0101danKr\u0113sla k\u0101ju materi\u0101ls: Met\u0101ls\/t\u0113raudsnSakraujams viens uz otra: N\u0113nKr\u0113sla augstums: 91 cmnKr\u0113sla platums: 49 cmnKr\u0113sla dzi\u013cums: 52 cmnS\u0113des augstums: 65 cmnS\u0113des dzi\u013cums: 38 cmnSvars neto: 7.4 kg&quot;}\" data-sheets-userformat=\"{&quot;2&quot;:769,&quot;3&quot;:{&quot;1&quot;:0},&quot;11&quot;:3,&quot;12&quot;:0}\">Spalva: Tamsiai pilka<br \/>\nMed\u017eiaga: dirbtin\u0117 oda<br \/>\nK\u0117d\u0117s koj\u0173 med\u017eiaga: metalas\/plienas<br \/>\nSudedamas ant vienos vietos: Ne<br \/>\nKr\u0113sla augstums: 91 cm<br \/>\nK\u0117d\u0117s plotis: 49 cm<br \/>\nKr\u0113sla dzi\u013cums: 52 cm<br \/>\nS\u0117dyn\u0117s auk\u0161tis: 65 cm<br \/>\nS\u0117dyn\u0117s gylis: 38 cm<br \/>\nSvars neto: 7.4 kg<\/span><\/p>\n<p>ID 200490705<\/p>","protected":false},"excerpt":{"rendered":"<p><span data-sheets-value=\"{&quot;1&quot;:2,&quot;2&quot;:&quot;HYPE pusb\u0101ra kr\u0113sliem ir ikonisks s\u0113dek\u013ca siluets ar beisbola bumbas \u0161uv\u0113m. Melnas met\u0101la k\u0101jas papildina m\u016bsdien\u012bgu izskatu. Polster\u0113tajam s\u0113deklim ir lielisks s\u0113d\u0113\u0161anas komforts, un elegantais dizains padara \u0161o b\u0101ra kr\u0113slu par popul\u0101ru izv\u0113li gan viesm\u012bl\u012bbas, gan m\u0101jas apst\u0101k\u013ciem. Piem\u0113rots letes augstumam. HYPE kolekcija sast\u0101v no kr\u0113sliem, soliem, b\u0101ra kr\u0113sliem, letes kr\u0113sliem un biroja kr\u0113sliem.&quot;}\" data-sheets-userformat=\"{&quot;2&quot;:769,&quot;3&quot;:{&quot;1&quot;:0},&quot;11&quot;:3,&quot;12&quot;:0}\">HYPE pusb\u0101ra kr\u0113sliem ir ikonisks s\u0113dek\u013ca siluets ar beisbola bumbas \u0161uv\u0113m. Melnas met\u0101la k\u0101jas papildina m\u016bsdien\u012bgu izskatu. Polster\u0113tajam s\u0113deklim ir lielisks s\u0113d\u0113\u0161anas komforts, un elegantais dizains padara \u0161o b\u0101ra kr\u0113slu par popul\u0101ru izv\u0113li gan viesm\u012bl\u012bbas, gan m\u0101jas apst\u0101k\u013ciem. Piem\u0113rots letes augstumam. HYPE kolekcija sast\u0101v no kr\u0113sliem, soliem, b\u0101ra kr\u0113sliem, letes kr\u0113sliem un biroja kr\u0113sliem.<\/span><\/p>","protected":false},"featured_media":15461,"template":"","meta":{"_acf_changed":false},"product_brand":[],"product_cat":[28,41],"product_tag":[37],"class_list":{"0":"post-32045","1":"product","2":"type-product","3":"status-publish","4":"has-post-thumbnail","6":"product_cat-kresli","7":"product_cat-pusbara-kresli","8":"product_tag-dan-form","10":"first","11":"instock","12":"sale","13":"shipping-taxable","14":"purchasable","15":"product-type-simple"},"acf":[],"_links":{"self":[{"href":"https:\/\/lightup.lv\/lt\/wp-json\/wp\/v2\/product\/32045","targetHints":{"allow":["GET"]}}],"collection":[{"href":"https:\/\/lightup.lv\/lt\/wp-json\/wp\/v2\/product"}],"about":[{"href":"https:\/\/lightup.lv\/lt\/wp-json\/wp\/v2\/types\/product"}],"wp:featuredmedia":[{"embeddable":true,"href":"https:\/\/lightup.lv\/lt\/wp-json\/wp\/v2\/media\/15461"}],"wp:attachment":[{"href":"https:\/\/lightup.lv\/lt\/wp-json\/wp\/v2\/media?parent=32045"}],"wp:term":[{"taxonomy":"product_brand","embeddable":true,"href":"https:\/\/lightup.lv\/lt\/wp-json\/wp\/v2\/product_brand?post=32045"},{"taxonomy":"product_cat","embeddable":true,"href":"https:\/\/lightup.lv\/lt\/wp-json\/wp\/v2\/product_cat?post=32045"},{"taxonomy":"product_tag","embeddable":true,"href":"https:\/\/lightup.lv\/lt\/wp-json\/wp\/v2\/product_tag?post=32045"}],"curies":[{"name":"wp","href":"https:\/\/api.w.org\/{rel}","templated":true}]}}