{"id":3208,"date":"2020-04-18T13:05:27","date_gmt":"2020-04-18T13:05:27","guid":{"rendered":"https:\/\/lightup.lv\/product\/pits-regulejams-terases-kresls-rosita\/"},"modified":"2024-01-29T11:30:23","modified_gmt":"2024-01-29T11:30:23","slug":"pits-regulejams-terases-kresls-rosita","status":"publish","type":"product","link":"https:\/\/lightup.lv\/lt\/precu-katalogs\/pits-regulejams-terases-kresls-rosita\/","title":{"rendered":"Reguliuojama pinti terasos k\u0117d\u0117 Rosita"},"content":{"rendered":"<p>Spalva: \u0161viesiai rudas rotangas \/ \u0161viesiai pilkas rotangas<br \/>\nIlgis: 170 cm<br \/>\nPlotis: 86 cm<br \/>\nAuk\u0161tis: 103 cm<br \/>\nS\u0117dyn\u0117s auk\u0161tis: 48 cm<br \/>\nRosita regul\u0113jams terases kr\u0113sls pieejams div\u0101s kr\u0101su vari\u0101cij\u0101s.<\/p>\n<p>ID 3901-21-20<\/p>","protected":false},"excerpt":{"rendered":"<p>\u201eRosita\u201c terasos bald\u0173 asortiment\u0105 sudaro gra\u017eus fotelis, sodo k\u0117d\u0117 su auk\u0161ta atlo\u0161u ir pritvirtinta pakoja, trij\u0173 viet\u0173 sofa ir du stalai, 50 \u00d7 50 cm ir 180 \u00d7 80 cm.<br \/>\n\u201eBRAFAB Rosita\u201c kolekcija yra pilkos ir nat\u016bralios \u0161viesios rotango spalvos.<\/p>","protected":false},"featured_media":3209,"template":"","meta":{"_acf_changed":false},"product_brand":[],"product_cat":[80,73,51,50],"product_tag":[52],"class_list":{"0":"post-3208","1":"product","2":"type-product","3":"status-publish","4":"has-post-thumbnail","6":"product_cat-atputas-kresli","7":"product_cat-divani-terases","8":"product_cat-kresli-terases-mebeles","9":"product_cat-terases-mebeles","10":"product_tag-brafab","12":"first","13":"instock","14":"shipping-taxable","15":"purchasable","16":"product-type-simple"},"acf":[],"_links":{"self":[{"href":"https:\/\/lightup.lv\/lt\/wp-json\/wp\/v2\/product\/3208","targetHints":{"allow":["GET"]}}],"collection":[{"href":"https:\/\/lightup.lv\/lt\/wp-json\/wp\/v2\/product"}],"about":[{"href":"https:\/\/lightup.lv\/lt\/wp-json\/wp\/v2\/types\/product"}],"wp:featuredmedia":[{"embeddable":true,"href":"https:\/\/lightup.lv\/lt\/wp-json\/wp\/v2\/media\/3209"}],"wp:attachment":[{"href":"https:\/\/lightup.lv\/lt\/wp-json\/wp\/v2\/media?parent=3208"}],"wp:term":[{"taxonomy":"product_brand","embeddable":true,"href":"https:\/\/lightup.lv\/lt\/wp-json\/wp\/v2\/product_brand?post=3208"},{"taxonomy":"product_cat","embeddable":true,"href":"https:\/\/lightup.lv\/lt\/wp-json\/wp\/v2\/product_cat?post=3208"},{"taxonomy":"product_tag","embeddable":true,"href":"https:\/\/lightup.lv\/lt\/wp-json\/wp\/v2\/product_tag?post=3208"}],"curies":[{"name":"wp","href":"https:\/\/api.w.org\/{rel}","templated":true}]}}