{"id":32091,"date":"2022-05-30T17:57:20","date_gmt":"2022-05-30T15:57:20","guid":{"rendered":"https:\/\/lightup.lv\/precu-katalogs\/apals-pusdienu-galds-ooid-tumsi-bruns\/"},"modified":"2025-05-09T13:46:06","modified_gmt":"2025-05-09T11:46:06","slug":"apals-pusdienu-galds-ooid-tumsi-bruns","status":"publish","type":"product","link":"https:\/\/lightup.lv\/lt\/precu-katalogs\/apals-pusdienu-galds-ooid-tumsi-bruns\/","title":{"rendered":"Apvalus valgomojo stalas OOID, tamsiai rudas"},"content":{"rendered":"<p><span data-sheets-value=\"{&quot;1&quot;:2,&quot;2&quot;:&quot;Kr\u0101sa: Tum\u0161i br\u016bnanMateri\u0101ls: FinierisnGalda k\u0101ju kr\u0101sa: MelnanGalda k\u0101ju materi\u0101ls: Met\u0101ls\/t\u0113raudsnGalda augstums: 75 cmnGalda platums: 120 cmnGalda garums: 120 cmnSvars neto: 32 kg&quot;}\" data-sheets-userformat=\"{&quot;2&quot;:769,&quot;3&quot;:{&quot;1&quot;:0},&quot;11&quot;:3,&quot;12&quot;:0}\">Spalva: Tamsiai ruda<br \/>\nMateri\u0101ls: Finieris<br \/>\nStalo kojos spalva: juoda<br \/>\nStalo koj\u0173 med\u017eiaga: metalas\/plienas<br \/>\nStalo auk\u0161tis: 75 cm<br \/>\nStalo plotis: 120 cm<br \/>\nStalo ilgis: 120 cm<br \/>\nGrynasis svoris: 32 kg<\/span><\/p>\n<p>ID 400900111<\/p>","protected":false},"excerpt":{"rendered":"<p><span data-sheets-value=\"{&quot;1&quot;:2,&quot;2&quot;:&quot;Apa\u013cais OOID galds ir elegants un stil\u012bgs. Galda virsma rada viegluma iespaidu, pateicoties sl\u012bpajai malai. K\u0101jas, kas krustojas zem galda, ir noapa\u013cotas, kas nodro\u0161ina maig\u0101ku izskatu. \u0145emiet v\u0113r\u0101, ka \u0161is galds nav pagarin\u0101ms.&quot;}\" data-sheets-userformat=\"{&quot;2&quot;:769,&quot;3&quot;:{&quot;1&quot;:0},&quot;11&quot;:3,&quot;12&quot;:0}\">Apvalus OOID stalas yra eleganti\u0161kas ir stilingas. Stalvir\u0161is d\u0117l nuo\u017eulnaus kra\u0161to sukuria lengvumo \u012fsp\u016bd\u012f. Po stalu sukry\u017eiuotos kojos yra suapvalintos, tod\u0117l stalas atrodo \u0161velniau. Atkreipkite d\u0117mes\u012f, kad \u0161is stalas n\u0117ra i\u0161skleid\u017eiamas.<\/span><\/p>","protected":false},"featured_media":35621,"template":"","meta":{"_acf_changed":false},"product_brand":[],"product_cat":[22,23],"product_tag":[37],"class_list":{"0":"post-32091","1":"product","2":"type-product","3":"status-publish","4":"has-post-thumbnail","6":"product_cat-galdi","7":"product_cat-pusdienu-galdi","8":"product_tag-dan-form","10":"first","11":"instock","12":"shipping-taxable","13":"purchasable","14":"product-type-simple"},"acf":[],"_links":{"self":[{"href":"https:\/\/lightup.lv\/lt\/wp-json\/wp\/v2\/product\/32091","targetHints":{"allow":["GET"]}}],"collection":[{"href":"https:\/\/lightup.lv\/lt\/wp-json\/wp\/v2\/product"}],"about":[{"href":"https:\/\/lightup.lv\/lt\/wp-json\/wp\/v2\/types\/product"}],"wp:featuredmedia":[{"embeddable":true,"href":"https:\/\/lightup.lv\/lt\/wp-json\/wp\/v2\/media\/35621"}],"wp:attachment":[{"href":"https:\/\/lightup.lv\/lt\/wp-json\/wp\/v2\/media?parent=32091"}],"wp:term":[{"taxonomy":"product_brand","embeddable":true,"href":"https:\/\/lightup.lv\/lt\/wp-json\/wp\/v2\/product_brand?post=32091"},{"taxonomy":"product_cat","embeddable":true,"href":"https:\/\/lightup.lv\/lt\/wp-json\/wp\/v2\/product_cat?post=32091"},{"taxonomy":"product_tag","embeddable":true,"href":"https:\/\/lightup.lv\/lt\/wp-json\/wp\/v2\/product_tag?post=32091"}],"curies":[{"name":"wp","href":"https:\/\/api.w.org\/{rel}","templated":true}]}}