{"id":32101,"date":"2022-05-31T11:48:10","date_gmt":"2022-05-31T09:48:10","guid":{"rendered":"https:\/\/lightup.lv\/precu-katalogs\/kresls-rover-melns\/"},"modified":"2025-06-14T13:00:18","modified_gmt":"2025-06-14T11:00:18","slug":"kresls-rover-melns","status":"publish","type":"product","link":"https:\/\/lightup.lv\/lt\/produktu-katalogas\/kresls-rover-melns\/","title":{"rendered":"Kr\u0113sls ROVER melns"},"content":{"rendered":"<p>Spalva: juoda<br \/>\nMed\u017eiaga: dirbtin\u0117 oda<br \/>\nK\u0117d\u0117s koj\u0173 med\u017eiaga: plienas\/metalas<br \/>\nSudedamas ant vienos vietos: Ne<br \/>\nKr\u0113sla augstums: 80 cm<br \/>\nK\u0117d\u0117s plotis: 60 cm<br \/>\nKr\u0113sla dzi\u013cums: 54.5 cm<br \/>\nRoku balstu augstums: 71 cm<br \/>\nS\u0117dyn\u0117s auk\u0161tis: 49 cm<br \/>\nS\u0113des dzi\u013cums: 45.5 cm<\/p>\n<p>ID 100370120<\/p>","protected":false},"excerpt":{"rendered":"<p>Kr\u0113sla atzveltne veido \u0113rtus roku balstus, un ar dekorat\u012bv\u0101m \u0161uv\u0113m un \u0113rtu s\u0113dekli \u0161is kr\u0113sls ir \u012bsts d\u0101rgakmens. ROVER kolekcija sast\u0101v no atzveltnes kr\u0113sliem un atp\u016btas kr\u0113sliem.<\/p>","protected":false},"featured_media":35928,"template":"","meta":{"_acf_changed":false},"product_brand":[],"product_cat":[119,28],"product_tag":[37],"class_list":{"0":"post-32101","1":"product","2":"type-product","3":"status-publish","4":"has-post-thumbnail","6":"product_cat-atputas-kresli-kresli","7":"product_cat-kresli","8":"product_tag-dan-form","10":"first","11":"instock","12":"shipping-taxable","13":"purchasable","14":"product-type-simple"},"acf":[],"_links":{"self":[{"href":"https:\/\/lightup.lv\/lt\/wp-json\/wp\/v2\/product\/32101","targetHints":{"allow":["GET"]}}],"collection":[{"href":"https:\/\/lightup.lv\/lt\/wp-json\/wp\/v2\/product"}],"about":[{"href":"https:\/\/lightup.lv\/lt\/wp-json\/wp\/v2\/types\/product"}],"wp:featuredmedia":[{"embeddable":true,"href":"https:\/\/lightup.lv\/lt\/wp-json\/wp\/v2\/media\/35928"}],"wp:attachment":[{"href":"https:\/\/lightup.lv\/lt\/wp-json\/wp\/v2\/media?parent=32101"}],"wp:term":[{"taxonomy":"product_brand","embeddable":true,"href":"https:\/\/lightup.lv\/lt\/wp-json\/wp\/v2\/product_brand?post=32101"},{"taxonomy":"product_cat","embeddable":true,"href":"https:\/\/lightup.lv\/lt\/wp-json\/wp\/v2\/product_cat?post=32101"},{"taxonomy":"product_tag","embeddable":true,"href":"https:\/\/lightup.lv\/lt\/wp-json\/wp\/v2\/product_tag?post=32101"}],"curies":[{"name":"wp","href":"https:\/\/api.w.org\/{rel}","templated":true}]}}