{"id":32112,"date":"2022-05-31T15:34:29","date_gmt":"2022-05-31T13:34:29","guid":{"rendered":"https:\/\/lightup.lv\/precu-katalogs\/kresls-s-i-t-no-koka-bruns\/"},"modified":"2025-06-14T12:13:30","modified_gmt":"2025-06-14T10:13:30","slug":"kresls-s-i-t-no-koka-bruns","status":"publish","type":"product","link":"https:\/\/lightup.lv\/lt\/produktu-katalogas\/kresls-s-i-t-no-koka-bruns\/","title":{"rendered":"Kr\u0113sls S.I.T no koka br\u016bns"},"content":{"rendered":"<p>Spalva: ruda<br \/>\nMed\u017eiaga: Mediena<br \/>\nK\u0117d\u0117s koj\u0173 med\u017eiaga: mediena<br \/>\nSudedamas ant vienos vietos: Ne<br \/>\nKr\u0113sla augstums: 86 cm<br \/>\nKr\u0113sla platums: 46 cm<br \/>\nK\u0117d\u0117s gylis: 50 cm<br \/>\nS\u0117dyn\u0117s auk\u0161tis: 47 cm<br \/>\nS\u0117dyn\u0117s gylis: 39 cm<br \/>\nSvars neto: 4.2 kg<\/p>\n<p>ID 100208101<\/p>","protected":false},"excerpt":{"rendered":"<p>S.I.T kr\u0113sls ir liekta koka kr\u0113sls ar nelielu S formu aizmugur\u0113, lai nodro\u0161in\u0101tu augstu s\u0113d\u0113\u0161anas komfortu, apvienojum\u0101 ar izsmalcin\u0101tu atzveltnes formu, kas padara \u0161o kr\u0113slu par m\u016bsdien\u012bgu, bet ar skaidr\u0101m l\u012bnij\u0101m. S.I.T kolekcija sast\u0101v no kr\u0113sliem un b\u0101ra un letes kr\u0113sliem.<\/p>","protected":false},"featured_media":35927,"template":"","meta":{"_acf_changed":false},"product_brand":[],"product_cat":[28,38],"product_tag":[37],"class_list":{"0":"post-32112","1":"product","2":"type-product","3":"status-publish","4":"has-post-thumbnail","6":"product_cat-kresli","7":"product_cat-kresli-pie-galda","8":"product_tag-dan-form","10":"first","11":"instock","12":"shipping-taxable","13":"purchasable","14":"product-type-simple"},"acf":[],"_links":{"self":[{"href":"https:\/\/lightup.lv\/lt\/wp-json\/wp\/v2\/product\/32112","targetHints":{"allow":["GET"]}}],"collection":[{"href":"https:\/\/lightup.lv\/lt\/wp-json\/wp\/v2\/product"}],"about":[{"href":"https:\/\/lightup.lv\/lt\/wp-json\/wp\/v2\/types\/product"}],"wp:featuredmedia":[{"embeddable":true,"href":"https:\/\/lightup.lv\/lt\/wp-json\/wp\/v2\/media\/35927"}],"wp:attachment":[{"href":"https:\/\/lightup.lv\/lt\/wp-json\/wp\/v2\/media?parent=32112"}],"wp:term":[{"taxonomy":"product_brand","embeddable":true,"href":"https:\/\/lightup.lv\/lt\/wp-json\/wp\/v2\/product_brand?post=32112"},{"taxonomy":"product_cat","embeddable":true,"href":"https:\/\/lightup.lv\/lt\/wp-json\/wp\/v2\/product_cat?post=32112"},{"taxonomy":"product_tag","embeddable":true,"href":"https:\/\/lightup.lv\/lt\/wp-json\/wp\/v2\/product_tag?post=32112"}],"curies":[{"name":"wp","href":"https:\/\/api.w.org\/{rel}","templated":true}]}}