{"id":32117,"date":"2022-05-31T15:34:35","date_gmt":"2022-05-31T13:34:35","guid":{"rendered":"https:\/\/lightup.lv\/precu-katalogs\/pusbara-kresls-stiletto-no-auklas-melns\/"},"modified":"2025-07-26T12:23:36","modified_gmt":"2025-07-26T10:23:36","slug":"pusbara-kresls-stiletto-no-auklas-melns","status":"publish","type":"product","link":"https:\/\/lightup.lv\/lt\/produktu-katalogas\/pusbara-kresls-stiletto-no-auklas-melns\/","title":{"rendered":"Pusb\u0101ra kr\u0113sls STILETTO no auklas melns"},"content":{"rendered":"<p>Spalva: juoda<br \/>\nMateri\u0101ls: Aukla<br \/>\nK\u0117d\u0117s koj\u0173 med\u017eiaga: plienas\/metalas<br \/>\nSudedamas ant vienos vietos: Ne<br \/>\nKr\u0113sla augstums: 68 cm<br \/>\nKr\u0113sla platums: 48 cm<br \/>\nKr\u0113sla dzi\u013cums: 36 cm<br \/>\nS\u0113des augstums: 68 cm<br \/>\nSvars neto: 4.8 kg<\/p>\n<p>ID 300232810<\/p>","protected":false},"excerpt":{"rendered":"<p>K\u0101 nor\u0101da nosaukums, s\u0113rijai ir garas, slaidas k\u0101jas, kas padara to vieglu un gais\u012bgu. Skaistais ar rok\u0101m austais auklas s\u0113deklis pie\u0161\u0137ir dizainam klasisku piesk\u0101rienu un paaugstina dizaina vienk\u0101r\u0161\u012bbu l\u012bdz izsmalcin\u0101tam rezult\u0101tam. STILETTO galda kr\u0113sla augstums ir piem\u0113rots virtuves galda virsm\u0101m. STILETTO kolekcija sast\u0101v no kr\u0113sliem, atzveltnes kr\u0113sliem, b\u0101ra kr\u0113sliem un letes kr\u0113sliem.<\/p>","protected":false},"featured_media":35926,"template":"","meta":{"_acf_changed":false},"product_brand":[],"product_cat":[28,41],"product_tag":[37],"class_list":{"0":"post-32117","1":"product","2":"type-product","3":"status-publish","4":"has-post-thumbnail","6":"product_cat-kresli","7":"product_cat-pusbara-kresli","8":"product_tag-dan-form","10":"first","11":"instock","12":"shipping-taxable","13":"purchasable","14":"product-type-simple"},"acf":[],"_links":{"self":[{"href":"https:\/\/lightup.lv\/lt\/wp-json\/wp\/v2\/product\/32117","targetHints":{"allow":["GET"]}}],"collection":[{"href":"https:\/\/lightup.lv\/lt\/wp-json\/wp\/v2\/product"}],"about":[{"href":"https:\/\/lightup.lv\/lt\/wp-json\/wp\/v2\/types\/product"}],"wp:featuredmedia":[{"embeddable":true,"href":"https:\/\/lightup.lv\/lt\/wp-json\/wp\/v2\/media\/35926"}],"wp:attachment":[{"href":"https:\/\/lightup.lv\/lt\/wp-json\/wp\/v2\/media?parent=32117"}],"wp:term":[{"taxonomy":"product_brand","embeddable":true,"href":"https:\/\/lightup.lv\/lt\/wp-json\/wp\/v2\/product_brand?post=32117"},{"taxonomy":"product_cat","embeddable":true,"href":"https:\/\/lightup.lv\/lt\/wp-json\/wp\/v2\/product_cat?post=32117"},{"taxonomy":"product_tag","embeddable":true,"href":"https:\/\/lightup.lv\/lt\/wp-json\/wp\/v2\/product_tag?post=32117"}],"curies":[{"name":"wp","href":"https:\/\/api.w.org\/{rel}","templated":true}]}}