{"id":32141,"date":"2022-05-31T20:39:08","date_gmt":"2022-05-31T18:39:08","guid":{"rendered":"https:\/\/lightup.lv\/precu-katalogs\/kresls-zed-balts-bess\/"},"modified":"2025-06-11T16:07:52","modified_gmt":"2025-06-11T14:07:52","slug":"kresls-zed-balts-bess","status":"publish","type":"product","link":"https:\/\/lightup.lv\/lt\/produktu-katalogas\/kresls-zed-balts-bess\/","title":{"rendered":"K\u0117d\u0117 ZED pilka"},"content":{"rendered":"<p>Kr\u0101sa: Balta\/B\u0113\u0161a<br \/>\nMed\u017eiaga: dirbtin\u0117 oda<br \/>\nK\u0117d\u0117s koj\u0173 med\u017eiaga: plienas\/metalas<br \/>\nSudedamas ant vienos vietos: Ne<br \/>\nKr\u0113sla augstums: 80 cm<br \/>\nKr\u0113sla platums: 50 cm<br \/>\nK\u0117d\u0117s gylis: 54 cm<br \/>\nRoku balsta augstums: 72.5 cm<br \/>\nS\u0117dyn\u0117s auk\u0161tis: 48 cm<br \/>\nS\u0113des dzi\u013cums: 43 cm<br \/>\nSvars neto: 6.8 kg<\/p>\n<p>ID 100103105<\/p>","protected":false},"excerpt":{"rendered":"<p>Steffensen &amp; W\u00fcrtz dizaina kr\u0113sls ZED. Slaid\u0101s met\u0101la k\u0101jas eleganti p\u0101rv\u0113r\u0161as roku balstos un turpin\u0101s aiz muguras. ZED kolekcija sast\u0101v no kr\u0113sliem, b\u0101ra un letes kr\u0113sliem un atp\u016btas kr\u0113sliem.<\/p>","protected":false},"featured_media":35906,"template":"","meta":{"_acf_changed":false},"product_brand":[],"product_cat":[28,38],"product_tag":[37],"class_list":{"0":"post-32141","1":"product","2":"type-product","3":"status-publish","4":"has-post-thumbnail","6":"product_cat-kresli","7":"product_cat-kresli-pie-galda","8":"product_tag-dan-form","10":"first","11":"instock","12":"shipping-taxable","13":"purchasable","14":"product-type-simple"},"acf":[],"_links":{"self":[{"href":"https:\/\/lightup.lv\/lt\/wp-json\/wp\/v2\/product\/32141","targetHints":{"allow":["GET"]}}],"collection":[{"href":"https:\/\/lightup.lv\/lt\/wp-json\/wp\/v2\/product"}],"about":[{"href":"https:\/\/lightup.lv\/lt\/wp-json\/wp\/v2\/types\/product"}],"wp:featuredmedia":[{"embeddable":true,"href":"https:\/\/lightup.lv\/lt\/wp-json\/wp\/v2\/media\/35906"}],"wp:attachment":[{"href":"https:\/\/lightup.lv\/lt\/wp-json\/wp\/v2\/media?parent=32141"}],"wp:term":[{"taxonomy":"product_brand","embeddable":true,"href":"https:\/\/lightup.lv\/lt\/wp-json\/wp\/v2\/product_brand?post=32141"},{"taxonomy":"product_cat","embeddable":true,"href":"https:\/\/lightup.lv\/lt\/wp-json\/wp\/v2\/product_cat?post=32141"},{"taxonomy":"product_tag","embeddable":true,"href":"https:\/\/lightup.lv\/lt\/wp-json\/wp\/v2\/product_tag?post=32141"}],"curies":[{"name":"wp","href":"https:\/\/api.w.org\/{rel}","templated":true}]}}