{"id":3216,"date":"2020-04-18T13:13:52","date_gmt":"2020-04-18T13:13:52","guid":{"rendered":"https:\/\/lightup.lv\/product\/kaju-solins-pits-rosita\/"},"modified":"2024-01-29T11:29:48","modified_gmt":"2024-01-29T11:29:48","slug":"kaju-solins-pits-rosita","status":"publish","type":"product","link":"https:\/\/lightup.lv\/lt\/precu-katalogs\/kaju-solins-pits-rosita\/","title":{"rendered":"Pinti pakojai Rosita"},"content":{"rendered":"<p>Spalva: \u0161viesiai rudas rotangas \/ \u0161viesiai pilkas rotangas<br \/>\nGarums: 51 cm<br \/>\nPlatums: 54 cm<br \/>\nAugstums: 43 cm<br \/>\nRosita k\u0101ju soli\u0146\u0161 p\u012bts\u00a0 pieejams div\u0101s kr\u0101su vari\u0101cij\u0101s.<\/p>\n<p>ID 3910-21-20<\/p>","protected":false},"excerpt":{"rendered":"<p>\u201eRosita\u201c terasos bald\u0173 asortiment\u0105 sudaro gra\u017eus fotelis, sodo k\u0117d\u0117 su auk\u0161ta atlo\u0161u ir pritvirtinta pakoja, trij\u0173 viet\u0173 sofa ir du stalai, 50 \u00d7 50 cm ir 180 \u00d7 80 cm.<br \/>\n\u201eBRAFAB Rosita\u201c kolekcija yra pilkos ir nat\u016bralios \u0161viesios rotango spalvos.<\/p>","protected":false},"featured_media":3146,"template":"","meta":{"_acf_changed":false},"product_brand":[],"product_cat":[80,50],"product_tag":[52],"class_list":{"0":"post-3216","1":"product","2":"type-product","3":"status-publish","4":"has-post-thumbnail","6":"product_cat-atputas-kresli","7":"product_cat-terases-mebeles","8":"product_tag-brafab","10":"first","11":"instock","12":"shipping-taxable","13":"purchasable","14":"product-type-simple"},"acf":[],"_links":{"self":[{"href":"https:\/\/lightup.lv\/lt\/wp-json\/wp\/v2\/product\/3216","targetHints":{"allow":["GET"]}}],"collection":[{"href":"https:\/\/lightup.lv\/lt\/wp-json\/wp\/v2\/product"}],"about":[{"href":"https:\/\/lightup.lv\/lt\/wp-json\/wp\/v2\/types\/product"}],"wp:featuredmedia":[{"embeddable":true,"href":"https:\/\/lightup.lv\/lt\/wp-json\/wp\/v2\/media\/3146"}],"wp:attachment":[{"href":"https:\/\/lightup.lv\/lt\/wp-json\/wp\/v2\/media?parent=3216"}],"wp:term":[{"taxonomy":"product_brand","embeddable":true,"href":"https:\/\/lightup.lv\/lt\/wp-json\/wp\/v2\/product_brand?post=3216"},{"taxonomy":"product_cat","embeddable":true,"href":"https:\/\/lightup.lv\/lt\/wp-json\/wp\/v2\/product_cat?post=3216"},{"taxonomy":"product_tag","embeddable":true,"href":"https:\/\/lightup.lv\/lt\/wp-json\/wp\/v2\/product_tag?post=3216"}],"curies":[{"name":"wp","href":"https:\/\/api.w.org\/{rel}","templated":true}]}}