{"id":3227,"date":"2020-04-22T13:58:06","date_gmt":"2020-04-22T13:58:06","guid":{"rendered":"https:\/\/lightup.lv\/product\/edamgalds-ara-terasei-vai-kafejnicai-nimes\/"},"modified":"2024-01-29T11:29:17","modified_gmt":"2024-01-29T11:29:17","slug":"edamgalds-ara-terasei-vai-kafejnicai-nimes","status":"publish","type":"product","link":"https:\/\/lightup.lv\/lt\/precu-katalogs\/edamgalds-ara-terasei-vai-kafejnicai-nimes\/","title":{"rendered":"Valgomojo stalas lauko terasai ar kavinei Nimes mieste"},"content":{"rendered":"<p>Kr\u0101sa:\u00a0 gai\u0161i pel\u0113ks\/ tum\u0161i pel\u0113ks<br \/>\nIlgis: 200 cm<br \/>\nPlatums: 98 cm<br \/>\nAugstums: 73 cm<br \/>\n\u0112damgalds \u0101ra terasei vai kafejn\u012bcai Nimes.<\/p>\n<p>ID 3100-21<\/p>","protected":false},"excerpt":{"rendered":"<p>\u0112damgaldu un kafejn\u012bcu galdi\u0146u s\u0113rija ar stil\u012bgiem, rievotiem galda virsm\u0101m un konusveida, noapa\u013cot\u0101m k\u0101j\u0101m. Kolekcija izgatavota, izmantojot unik\u0101lu pa\u0146\u0113mienu, kas nodro\u0161ina ska\u0146u absorb\u0113jo\u0161u galda virsmu.<\/p>","protected":false},"featured_media":3228,"template":"","meta":{"_acf_changed":false},"product_brand":[],"product_cat":[57,50],"product_tag":[52],"class_list":{"0":"post-3227","1":"product","2":"type-product","3":"status-publish","4":"has-post-thumbnail","6":"product_cat-galdi-terases-mebeles","7":"product_cat-terases-mebeles","8":"product_tag-brafab","10":"first","11":"instock","12":"shipping-taxable","13":"purchasable","14":"product-type-simple"},"acf":[],"_links":{"self":[{"href":"https:\/\/lightup.lv\/lt\/wp-json\/wp\/v2\/product\/3227","targetHints":{"allow":["GET"]}}],"collection":[{"href":"https:\/\/lightup.lv\/lt\/wp-json\/wp\/v2\/product"}],"about":[{"href":"https:\/\/lightup.lv\/lt\/wp-json\/wp\/v2\/types\/product"}],"wp:featuredmedia":[{"embeddable":true,"href":"https:\/\/lightup.lv\/lt\/wp-json\/wp\/v2\/media\/3228"}],"wp:attachment":[{"href":"https:\/\/lightup.lv\/lt\/wp-json\/wp\/v2\/media?parent=3227"}],"wp:term":[{"taxonomy":"product_brand","embeddable":true,"href":"https:\/\/lightup.lv\/lt\/wp-json\/wp\/v2\/product_brand?post=3227"},{"taxonomy":"product_cat","embeddable":true,"href":"https:\/\/lightup.lv\/lt\/wp-json\/wp\/v2\/product_cat?post=3227"},{"taxonomy":"product_tag","embeddable":true,"href":"https:\/\/lightup.lv\/lt\/wp-json\/wp\/v2\/product_tag?post=3227"}],"curies":[{"name":"wp","href":"https:\/\/api.w.org\/{rel}","templated":true}]}}