{"id":33226,"date":"2024-06-14T10:46:31","date_gmt":"2024-06-14T08:46:31","guid":{"rendered":"https:\/\/lightup.lv\/?post_type=product&#038;p=33226"},"modified":"2024-06-14T13:25:53","modified_gmt":"2024-06-14T11:25:53","slug":"glint-piekarinama-lampa","status":"publish","type":"product","link":"https:\/\/lightup.lv\/lt\/produktu-katalogas\/glint-piekarinama-lampa\/","title":{"rendered":"Glint iekarin\u0101ma lampa"},"content":{"rendered":"<p>LED<br \/>\n36W<br \/>\nK: 3000<br \/>\nSkersmuo: 800<br \/>\nA: 1200<br \/>\nSpalva: juoda<br \/>\nMed\u017eiaga: aliuminis<\/p>\n<p>ID MOD072PL-L36B3K1<\/p>","protected":false},"excerpt":{"rendered":"<p>\u201eMaytoni\u201c yra naujov\u0117 \u0161ioje srityje \u2013 kiekvienas spindulys, kiekvienas mirg\u0117jimas, kiekvienas l\u0119\u0161is ir kiekvienas atspindys sukuria komforti\u0161k\u0105 \u0161iandien\u0105. Kuriame vizualin\u0119 aplink\u0105, kurioje verta m\u0117gautis geriausiomis akimirkomis, objektais ir spalvomis. \u201eMaytoni\u201c imasi \u0161viesos \u012fvairov\u0117s i\u0161\u0161\u016bkio, kad sukurt\u0173 geresn\u012f gyvenim\u0105. \u201eMaytoni\u201c dizainas yra peln\u0119s daugyb\u0119 tarptautini\u0173 interjero ir pramoninio dizaino apdovanojim\u0173.<\/p>","protected":false},"featured_media":33230,"template":"","meta":{"_acf_changed":false},"product_brand":[],"product_cat":[42,43],"product_tag":[82],"class_list":{"0":"post-33226","1":"product","2":"type-product","3":"status-publish","4":"has-post-thumbnail","6":"product_cat-apgaismojums","7":"product_cat-piekaramas-lustras","8":"product_tag-maytoni","10":"first","11":"instock","12":"shipping-taxable","13":"purchasable","14":"product-type-simple"},"acf":[],"_links":{"self":[{"href":"https:\/\/lightup.lv\/lt\/wp-json\/wp\/v2\/product\/33226","targetHints":{"allow":["GET"]}}],"collection":[{"href":"https:\/\/lightup.lv\/lt\/wp-json\/wp\/v2\/product"}],"about":[{"href":"https:\/\/lightup.lv\/lt\/wp-json\/wp\/v2\/types\/product"}],"wp:featuredmedia":[{"embeddable":true,"href":"https:\/\/lightup.lv\/lt\/wp-json\/wp\/v2\/media\/33230"}],"wp:attachment":[{"href":"https:\/\/lightup.lv\/lt\/wp-json\/wp\/v2\/media?parent=33226"}],"wp:term":[{"taxonomy":"product_brand","embeddable":true,"href":"https:\/\/lightup.lv\/lt\/wp-json\/wp\/v2\/product_brand?post=33226"},{"taxonomy":"product_cat","embeddable":true,"href":"https:\/\/lightup.lv\/lt\/wp-json\/wp\/v2\/product_cat?post=33226"},{"taxonomy":"product_tag","embeddable":true,"href":"https:\/\/lightup.lv\/lt\/wp-json\/wp\/v2\/product_tag?post=33226"}],"curies":[{"name":"wp","href":"https:\/\/api.w.org\/{rel}","templated":true}]}}