{"id":33345,"date":"2024-06-25T12:34:40","date_gmt":"2024-06-25T10:34:40","guid":{"rendered":"https:\/\/lightup.lv\/?post_type=product&#038;p=33345"},"modified":"2024-06-25T13:21:11","modified_gmt":"2024-06-25T11:21:11","slug":"griestu-lampa-ballet","status":"publish","type":"product","link":"https:\/\/lightup.lv\/lt\/precu-katalogs\/griestu-lampa-ballet\/","title":{"rendered":"Griestu lampa Ballet melna, H:200"},"content":{"rendered":"<p>D\u0116MESIO CENTRE<br \/>\nGU10 \u0161viesos diodas<br \/>\n1 x Maks. 7W<br \/>\nApsauga: IP20<br \/>\n\u2300: 60<br \/>\nA: 200<br \/>\n\u012etampa: 220\u2013240 V kintamoji srov\u0117<br \/>\nKr\u0101sa: Melna mat\u0113ta<br \/>\nMateri\u0101ls: Elektrostatiski kr\u0101sots t\u0113rauds<br \/>\n! Spuldze iepakojum\u0101 nav iek\u013cauta.<\/p>\n<p>ID 4265000<\/p>","protected":false},"excerpt":{"rendered":"<p>\u201eViokef\u201c si\u016blo plat\u0173 \u0161viestuv\u0173 \u2013 tiek moderni\u0173, tiek klasikini\u0173 \u2013 pasirinkim\u0105, puikiai papildant\u012f interjero dizain\u0105. \u201eLightUp\u201c yra tiesioginis \u201eViokef\u201c prek\u0117s \u017eenklo platintojas, tod\u0117l galime pasi\u016blyti tokias patrauklias kainas. Ypating\u0105 d\u0117mes\u012f skiriame kokybei. R\u016bpinam\u0117s ir kontroliuojame gaminius nuo j\u0173 u\u017esakymo gamykloje iki transportavimo \u012f sand\u0117l\u012f. Tada juos kruop\u0161\u010diai supakuojame ir i\u0161siun\u010diame klientui.<\/p>","protected":false},"featured_media":33346,"template":"","meta":{"_acf_changed":false},"product_brand":[],"product_cat":[42,54,213],"product_tag":[105],"class_list":{"0":"post-33345","1":"product","2":"type-product","3":"status-publish","4":"has-post-thumbnail","6":"product_cat-apgaismojums","7":"product_cat-griestu-lampas","8":"product_cat-salona-pieejams","9":"product_tag-viokef","11":"first","12":"instock","13":"shipping-taxable","14":"purchasable","15":"product-type-simple"},"acf":[],"_links":{"self":[{"href":"https:\/\/lightup.lv\/lt\/wp-json\/wp\/v2\/product\/33345","targetHints":{"allow":["GET"]}}],"collection":[{"href":"https:\/\/lightup.lv\/lt\/wp-json\/wp\/v2\/product"}],"about":[{"href":"https:\/\/lightup.lv\/lt\/wp-json\/wp\/v2\/types\/product"}],"wp:featuredmedia":[{"embeddable":true,"href":"https:\/\/lightup.lv\/lt\/wp-json\/wp\/v2\/media\/33346"}],"wp:attachment":[{"href":"https:\/\/lightup.lv\/lt\/wp-json\/wp\/v2\/media?parent=33345"}],"wp:term":[{"taxonomy":"product_brand","embeddable":true,"href":"https:\/\/lightup.lv\/lt\/wp-json\/wp\/v2\/product_brand?post=33345"},{"taxonomy":"product_cat","embeddable":true,"href":"https:\/\/lightup.lv\/lt\/wp-json\/wp\/v2\/product_cat?post=33345"},{"taxonomy":"product_tag","embeddable":true,"href":"https:\/\/lightup.lv\/lt\/wp-json\/wp\/v2\/product_tag?post=33345"}],"curies":[{"name":"wp","href":"https:\/\/api.w.org\/{rel}","templated":true}]}}