{"id":33658,"date":"2024-06-28T11:42:11","date_gmt":"2024-06-28T09:42:11","guid":{"rendered":"https:\/\/lightup.lv\/?post_type=product&#038;p=33658"},"modified":"2024-07-01T09:39:55","modified_gmt":"2024-07-01T07:39:55","slug":"una-2-iekarama-lampa","status":"publish","type":"product","link":"https:\/\/lightup.lv\/lt\/precu-katalogs\/una-2-iekarama-lampa\/","title":{"rendered":"UNA 2 iekarin\u0101ma lampa"},"content":{"rendered":"<p>2 x max 10W led<br \/>\nLemput\u0117: E14<br \/>\nP: 840<br \/>\nA: 2500<br \/>\nD: 140<br \/>\nKr\u0101sa: Kora\u013c\u013cu<br \/>\nMed\u017eiaga: metalas \/ stiklas<\/p>\n<p>ID 1116H11<\/p>","protected":false},"excerpt":{"rendered":"<p>\u201eAldex\u201c turi daugiau nei 40 met\u0173 patirt\u012f ap\u0161vietimo gamyboje ir pardavime. Moderni technologin\u0117 \u012franga ir naujausi\u0173 tendencij\u0173 sekimas yra prek\u0117s \u017eenklo stipryb\u0117s.<\/p>","protected":false},"featured_media":33659,"template":"","meta":{"_acf_changed":false},"product_brand":[],"product_cat":[42,54],"product_tag":[214],"class_list":{"0":"post-33658","1":"product","2":"type-product","3":"status-publish","4":"has-post-thumbnail","6":"product_cat-apgaismojums","7":"product_cat-griestu-lampas","8":"product_tag-aldex","10":"first","11":"instock","12":"shipping-taxable","13":"purchasable","14":"product-type-simple"},"acf":[],"_links":{"self":[{"href":"https:\/\/lightup.lv\/lt\/wp-json\/wp\/v2\/product\/33658","targetHints":{"allow":["GET"]}}],"collection":[{"href":"https:\/\/lightup.lv\/lt\/wp-json\/wp\/v2\/product"}],"about":[{"href":"https:\/\/lightup.lv\/lt\/wp-json\/wp\/v2\/types\/product"}],"wp:featuredmedia":[{"embeddable":true,"href":"https:\/\/lightup.lv\/lt\/wp-json\/wp\/v2\/media\/33659"}],"wp:attachment":[{"href":"https:\/\/lightup.lv\/lt\/wp-json\/wp\/v2\/media?parent=33658"}],"wp:term":[{"taxonomy":"product_brand","embeddable":true,"href":"https:\/\/lightup.lv\/lt\/wp-json\/wp\/v2\/product_brand?post=33658"},{"taxonomy":"product_cat","embeddable":true,"href":"https:\/\/lightup.lv\/lt\/wp-json\/wp\/v2\/product_cat?post=33658"},{"taxonomy":"product_tag","embeddable":true,"href":"https:\/\/lightup.lv\/lt\/wp-json\/wp\/v2\/product_tag?post=33658"}],"curies":[{"name":"wp","href":"https:\/\/api.w.org\/{rel}","templated":true}]}}