{"id":33665,"date":"2024-06-28T12:02:02","date_gmt":"2024-06-28T10:02:02","guid":{"rendered":"https:\/\/lightup.lv\/?post_type=product&#038;p=33665"},"modified":"2025-07-23T15:31:08","modified_gmt":"2025-07-23T13:31:08","slug":"form-sienas-lampa","status":"publish","type":"product","link":"https:\/\/lightup.lv\/lt\/precu-katalogs\/form-sienas-lampa\/","title":{"rendered":"FORM sienas lampa"},"content":{"rendered":"<p>1 x max 15W led<br \/>\nSpuldze: E27<br \/>\nP: 160<br \/>\nA: 280<br \/>\nD: 230<br \/>\nKr\u0101sa: Sarkana<br \/>\nMed\u017eiaga: metalas<\/p>\n<p>ID 1108C15<\/p>","protected":false},"excerpt":{"rendered":"<p>\u201eAldex\u201c turi daugiau nei 40 met\u0173 patirt\u012f ap\u0161vietimo gamyboje ir pardavime. Moderni technologin\u0117 \u012franga ir naujausi\u0173 tendencij\u0173 sekimas yra prek\u0117s \u017eenklo stipryb\u0117s.<\/p>","protected":false},"featured_media":33666,"template":"","meta":{"_acf_changed":false},"product_brand":[],"product_cat":[42,49],"product_tag":[214],"class_list":{"0":"post-33665","1":"product","2":"type-product","3":"status-publish","4":"has-post-thumbnail","6":"product_cat-apgaismojums","7":"product_cat-sienas-lampas","8":"product_tag-aldex","10":"first","11":"instock","12":"shipping-taxable","13":"purchasable","14":"product-type-simple"},"acf":[],"_links":{"self":[{"href":"https:\/\/lightup.lv\/lt\/wp-json\/wp\/v2\/product\/33665","targetHints":{"allow":["GET"]}}],"collection":[{"href":"https:\/\/lightup.lv\/lt\/wp-json\/wp\/v2\/product"}],"about":[{"href":"https:\/\/lightup.lv\/lt\/wp-json\/wp\/v2\/types\/product"}],"wp:featuredmedia":[{"embeddable":true,"href":"https:\/\/lightup.lv\/lt\/wp-json\/wp\/v2\/media\/33666"}],"wp:attachment":[{"href":"https:\/\/lightup.lv\/lt\/wp-json\/wp\/v2\/media?parent=33665"}],"wp:term":[{"taxonomy":"product_brand","embeddable":true,"href":"https:\/\/lightup.lv\/lt\/wp-json\/wp\/v2\/product_brand?post=33665"},{"taxonomy":"product_cat","embeddable":true,"href":"https:\/\/lightup.lv\/lt\/wp-json\/wp\/v2\/product_cat?post=33665"},{"taxonomy":"product_tag","embeddable":true,"href":"https:\/\/lightup.lv\/lt\/wp-json\/wp\/v2\/product_tag?post=33665"}],"curies":[{"name":"wp","href":"https:\/\/api.w.org\/{rel}","templated":true}]}}