{"id":33676,"date":"2024-06-28T12:38:02","date_gmt":"2024-06-28T10:38:02","guid":{"rendered":"https:\/\/lightup.lv\/?post_type=product&#038;p=33676"},"modified":"2025-12-01T15:48:14","modified_gmt":"2025-12-01T13:48:14","slug":"trevo-3-sienas-lampa-pa-labi","status":"publish","type":"product","link":"https:\/\/lightup.lv\/lt\/produktu-katalogas\/trevo-3-sienas-lampa-pa-labi\/","title":{"rendered":"TREVO 3 sienas lampa"},"content":{"rendered":"<p>3 x 35W<br \/>\nSpuldze: GU10 mini<br \/>\nP: 810<br \/>\nA: 260<br \/>\nD: 50<br \/>\nKr\u0101sa: Zila<br \/>\nMed\u017eiaga: metalas<\/p>\n<p>ID 1104Y16_2<\/p>","protected":false},"excerpt":{"rendered":"<p>\u201eAldex\u201c turi daugiau nei 40 met\u0173 patirt\u012f ap\u0161vietimo gamyboje ir pardavime. Moderni technologin\u0117 \u012franga ir naujausi\u0173 tendencij\u0173 sekimas yra prek\u0117s \u017eenklo stipryb\u0117s.<\/p>","protected":false},"featured_media":33677,"template":"","meta":{"_acf_changed":false},"product_brand":[],"product_cat":[42,213,49],"product_tag":[214],"class_list":{"0":"post-33676","1":"product","2":"type-product","3":"status-publish","4":"has-post-thumbnail","6":"product_cat-apgaismojums","7":"product_cat-salona-pieejams","8":"product_cat-sienas-lampas","9":"product_tag-aldex","11":"first","12":"instock","13":"shipping-taxable","14":"purchasable","15":"product-type-simple"},"acf":[],"_links":{"self":[{"href":"https:\/\/lightup.lv\/lt\/wp-json\/wp\/v2\/product\/33676","targetHints":{"allow":["GET"]}}],"collection":[{"href":"https:\/\/lightup.lv\/lt\/wp-json\/wp\/v2\/product"}],"about":[{"href":"https:\/\/lightup.lv\/lt\/wp-json\/wp\/v2\/types\/product"}],"wp:featuredmedia":[{"embeddable":true,"href":"https:\/\/lightup.lv\/lt\/wp-json\/wp\/v2\/media\/33677"}],"wp:attachment":[{"href":"https:\/\/lightup.lv\/lt\/wp-json\/wp\/v2\/media?parent=33676"}],"wp:term":[{"taxonomy":"product_brand","embeddable":true,"href":"https:\/\/lightup.lv\/lt\/wp-json\/wp\/v2\/product_brand?post=33676"},{"taxonomy":"product_cat","embeddable":true,"href":"https:\/\/lightup.lv\/lt\/wp-json\/wp\/v2\/product_cat?post=33676"},{"taxonomy":"product_tag","embeddable":true,"href":"https:\/\/lightup.lv\/lt\/wp-json\/wp\/v2\/product_tag?post=33676"}],"curies":[{"name":"wp","href":"https:\/\/api.w.org\/{rel}","templated":true}]}}