{"id":33729,"date":"2024-06-30T21:38:37","date_gmt":"2024-06-30T19:38:37","guid":{"rendered":"https:\/\/lightup.lv\/?post_type=product&#038;p=33729"},"modified":"2025-12-01T15:41:33","modified_gmt":"2025-12-01T13:41:33","slug":"pure-sienas-lampa-horizontala","status":"publish","type":"product","link":"https:\/\/lightup.lv\/lt\/precu-katalogs\/pure-sienas-lampa-horizontala\/","title":{"rendered":"PURE sieninis \u0161viestuvas (horizontalus)"},"content":{"rendered":"<p>2 x max 10W led<br \/>\nLemput\u0117: E14<br \/>\nP: 970<br \/>\nA: 340<br \/>\nD: 195<br \/>\nSpalva: balta<br \/>\nMed\u017eiaga: metalas \/ stiklas<\/p>\n<p>ID 1064D<\/p>","protected":false},"excerpt":{"rendered":"<p>\u201eAldex\u201c turi daugiau nei 40 met\u0173 patirt\u012f ap\u0161vietimo gamyboje ir pardavime. Moderni technologin\u0117 \u012franga ir naujausi\u0173 tendencij\u0173 sekimas yra prek\u0117s \u017eenklo stipryb\u0117s.<\/p>","protected":false},"featured_media":33730,"template":"","meta":{"_acf_changed":false},"product_brand":[],"product_cat":[42,221,213,49],"product_tag":[214],"class_list":{"0":"post-33729","1":"product","2":"type-product","3":"status-publish","4":"has-post-thumbnail","6":"product_cat-apgaismojums","7":"product_cat-atlaizu-preces","8":"product_cat-salona-pieejams","9":"product_cat-sienas-lampas","10":"product_tag-aldex","12":"first","13":"instock","14":"sale","15":"shipping-taxable","16":"purchasable","17":"product-type-simple"},"acf":[],"_links":{"self":[{"href":"https:\/\/lightup.lv\/lt\/wp-json\/wp\/v2\/product\/33729","targetHints":{"allow":["GET"]}}],"collection":[{"href":"https:\/\/lightup.lv\/lt\/wp-json\/wp\/v2\/product"}],"about":[{"href":"https:\/\/lightup.lv\/lt\/wp-json\/wp\/v2\/types\/product"}],"wp:featuredmedia":[{"embeddable":true,"href":"https:\/\/lightup.lv\/lt\/wp-json\/wp\/v2\/media\/33730"}],"wp:attachment":[{"href":"https:\/\/lightup.lv\/lt\/wp-json\/wp\/v2\/media?parent=33729"}],"wp:term":[{"taxonomy":"product_brand","embeddable":true,"href":"https:\/\/lightup.lv\/lt\/wp-json\/wp\/v2\/product_brand?post=33729"},{"taxonomy":"product_cat","embeddable":true,"href":"https:\/\/lightup.lv\/lt\/wp-json\/wp\/v2\/product_cat?post=33729"},{"taxonomy":"product_tag","embeddable":true,"href":"https:\/\/lightup.lv\/lt\/wp-json\/wp\/v2\/product_tag?post=33729"}],"curies":[{"name":"wp","href":"https:\/\/api.w.org\/{rel}","templated":true}]}}