{"id":33749,"date":"2024-07-01T09:12:05","date_gmt":"2024-07-01T07:12:05","guid":{"rendered":"https:\/\/lightup.lv\/?post_type=product&#038;p=33749"},"modified":"2024-07-01T10:07:05","modified_gmt":"2024-07-01T08:07:05","slug":"melos-griestu-lampa","status":"publish","type":"product","link":"https:\/\/lightup.lv\/lt\/precu-katalogs\/melos-griestu-lampa\/","title":{"rendered":"MELOS griestu lampa"},"content":{"rendered":"<p>1 x max 15W led<br \/>\nSpuldze: E27<br \/>\nP: 500<br \/>\nA: 950<br \/>\nD: 370<br \/>\nKr\u0101sa: Melna \/ Zelta<br \/>\nMed\u017eiaga: metalas<\/p>\n<p>ID 808PL_G1_Z<\/p>","protected":false},"excerpt":{"rendered":"<p>\u201eAldex\u201c turi daugiau nei 40 met\u0173 patirt\u012f ap\u0161vietimo gamyboje ir pardavime. Moderni technologin\u0117 \u012franga ir naujausi\u0173 tendencij\u0173 sekimas yra prek\u0117s \u017eenklo stipryb\u0117s.<\/p>","protected":false},"featured_media":33750,"template":"","meta":{"_acf_changed":false},"product_brand":[],"product_cat":[42,54,213],"product_tag":[214],"class_list":{"0":"post-33749","1":"product","2":"type-product","3":"status-publish","4":"has-post-thumbnail","6":"product_cat-apgaismojums","7":"product_cat-griestu-lampas","8":"product_cat-salona-pieejams","9":"product_tag-aldex","11":"first","12":"instock","13":"shipping-taxable","14":"purchasable","15":"product-type-simple"},"acf":[],"_links":{"self":[{"href":"https:\/\/lightup.lv\/lt\/wp-json\/wp\/v2\/product\/33749","targetHints":{"allow":["GET"]}}],"collection":[{"href":"https:\/\/lightup.lv\/lt\/wp-json\/wp\/v2\/product"}],"about":[{"href":"https:\/\/lightup.lv\/lt\/wp-json\/wp\/v2\/types\/product"}],"wp:featuredmedia":[{"embeddable":true,"href":"https:\/\/lightup.lv\/lt\/wp-json\/wp\/v2\/media\/33750"}],"wp:attachment":[{"href":"https:\/\/lightup.lv\/lt\/wp-json\/wp\/v2\/media?parent=33749"}],"wp:term":[{"taxonomy":"product_brand","embeddable":true,"href":"https:\/\/lightup.lv\/lt\/wp-json\/wp\/v2\/product_brand?post=33749"},{"taxonomy":"product_cat","embeddable":true,"href":"https:\/\/lightup.lv\/lt\/wp-json\/wp\/v2\/product_cat?post=33749"},{"taxonomy":"product_tag","embeddable":true,"href":"https:\/\/lightup.lv\/lt\/wp-json\/wp\/v2\/product_tag?post=33749"}],"curies":[{"name":"wp","href":"https:\/\/api.w.org\/{rel}","templated":true}]}}