{"id":33979,"date":"2024-07-08T12:18:14","date_gmt":"2024-07-08T10:18:14","guid":{"rendered":"https:\/\/lightup.lv\/?post_type=product&#038;p=33979"},"modified":"2025-12-09T16:33:58","modified_gmt":"2025-12-09T14:33:58","slug":"wiszaca-allure-piekarama-lampa","status":"publish","type":"product","link":"https:\/\/lightup.lv\/lt\/produktu-katalogas\/wiszaca-allure-piekarama-lampa\/","title":{"rendered":"ALLURE piekaram\u0101 lampa"},"content":{"rendered":"<p>70W LED 3000K 2100LM<br \/>\nApsauga: IP20<br \/>\nSkersmuo: 60 cm<br \/>\nA: 105 cm<br \/>\nKr\u0101sa: Mat\u0113ta zelta<br \/>\nMateri\u0101ls: Stikls \/ Met\u0101ls<br \/>\nKomplekt\u0101: LED baro\u0161anas bloks<\/p>\n<p>ID P0541<\/p>","protected":false},"excerpt":{"rendered":"<p>\u201eMaxlight\u201c \u2013 tai daugiau nei de\u0161imties met\u0173 patirt\u012f turinti \u012fmon\u0117, si\u016blanti ap\u0161vietimo gaminius, kurie stebina ir \u012fkvepia dr\u0105siais dizainais ir begalin\u0117mis i\u0161d\u0117stymo galimyb\u0117mis. Si\u016blome \u012fvairi\u0173 stili\u0173 \u0161viestuvus, kurie tiks prie bet kokio dizaino.<\/p>","protected":false},"featured_media":33980,"template":"","meta":{"_acf_changed":false},"product_brand":[],"product_cat":[42,54,43],"product_tag":[44],"class_list":{"0":"post-33979","1":"product","2":"type-product","3":"status-publish","4":"has-post-thumbnail","6":"product_cat-apgaismojums","7":"product_cat-griestu-lampas","8":"product_cat-piekaramas-lustras","9":"product_tag-maxlight","11":"first","12":"instock","13":"shipping-taxable","14":"purchasable","15":"product-type-simple"},"acf":[],"_links":{"self":[{"href":"https:\/\/lightup.lv\/lt\/wp-json\/wp\/v2\/product\/33979","targetHints":{"allow":["GET"]}}],"collection":[{"href":"https:\/\/lightup.lv\/lt\/wp-json\/wp\/v2\/product"}],"about":[{"href":"https:\/\/lightup.lv\/lt\/wp-json\/wp\/v2\/types\/product"}],"wp:featuredmedia":[{"embeddable":true,"href":"https:\/\/lightup.lv\/lt\/wp-json\/wp\/v2\/media\/33980"}],"wp:attachment":[{"href":"https:\/\/lightup.lv\/lt\/wp-json\/wp\/v2\/media?parent=33979"}],"wp:term":[{"taxonomy":"product_brand","embeddable":true,"href":"https:\/\/lightup.lv\/lt\/wp-json\/wp\/v2\/product_brand?post=33979"},{"taxonomy":"product_cat","embeddable":true,"href":"https:\/\/lightup.lv\/lt\/wp-json\/wp\/v2\/product_cat?post=33979"},{"taxonomy":"product_tag","embeddable":true,"href":"https:\/\/lightup.lv\/lt\/wp-json\/wp\/v2\/product_tag?post=33979"}],"curies":[{"name":"wp","href":"https:\/\/api.w.org\/{rel}","templated":true}]}}