{"id":34016,"date":"2024-07-09T13:47:09","date_gmt":"2024-07-09T11:47:09","guid":{"rendered":"https:\/\/lightup.lv\/?post_type=product&#038;p=34016"},"modified":"2025-12-01T15:39:25","modified_gmt":"2025-12-01T13:39:25","slug":"34016","status":"publish","type":"product","link":"https:\/\/lightup.lv\/lt\/precu-katalogs\/34016\/","title":{"rendered":"ORGANIC iekarin\u0101ma lampa, zelta"},"content":{"rendered":"<p>1 x 1 W LED 230 V, 60 lm, CRI90 3000 K<br \/>\nApsauga: IP20<br \/>\nA: maks. 190 cm<br \/>\nSkersmuo: 2,5 cm<br \/>\nSpalva: auksin\u0117<br \/>\nMed\u017eiaga: plienas<span class=\"HwtZe\" lang=\"lv\"><span class=\"jCAhz JxVs2d ChMk0b\"><span class=\"ryNqvb\"> \/ Akrilas<\/span><\/span><\/span><br \/>\n<span class=\"HwtZe\" lang=\"lv\"><span class=\"jCAhz JxVs2d ChMk0b\"><span class=\"ryNqvb\">\u012e paket\u0105 \u012feina: <\/span><\/span><\/span>LED 3000K<\/p>\n<p>ID P0204<\/p>","protected":false},"excerpt":{"rendered":"<p>\u201eMaxlight\u201c \u2013 tai daugiau nei de\u0161imties met\u0173 patirt\u012f turinti \u012fmon\u0117, si\u016blanti ap\u0161vietimo gaminius, kurie stebina ir \u012fkvepia dr\u0105siais dizainais ir begalin\u0117mis i\u0161d\u0117stymo galimyb\u0117mis. Si\u016blome \u012fvairi\u0173 stili\u0173 \u0161viestuvus, kurie tiks prie bet kokio dizaino.<\/p>","protected":false},"featured_media":34019,"template":"","meta":{"_acf_changed":false},"product_brand":[],"product_cat":[42,221,43,213],"product_tag":[44],"class_list":{"0":"post-34016","1":"product","2":"type-product","3":"status-publish","4":"has-post-thumbnail","6":"product_cat-apgaismojums","7":"product_cat-atlaizu-preces","8":"product_cat-piekaramas-lampas","9":"product_cat-salona-pieejams","10":"product_tag-maxlight","12":"first","13":"instock","14":"sale","15":"shipping-taxable","16":"purchasable","17":"product-type-simple"},"acf":[],"_links":{"self":[{"href":"https:\/\/lightup.lv\/lt\/wp-json\/wp\/v2\/product\/34016","targetHints":{"allow":["GET"]}}],"collection":[{"href":"https:\/\/lightup.lv\/lt\/wp-json\/wp\/v2\/product"}],"about":[{"href":"https:\/\/lightup.lv\/lt\/wp-json\/wp\/v2\/types\/product"}],"wp:featuredmedia":[{"embeddable":true,"href":"https:\/\/lightup.lv\/lt\/wp-json\/wp\/v2\/media\/34019"}],"wp:attachment":[{"href":"https:\/\/lightup.lv\/lt\/wp-json\/wp\/v2\/media?parent=34016"}],"wp:term":[{"taxonomy":"product_brand","embeddable":true,"href":"https:\/\/lightup.lv\/lt\/wp-json\/wp\/v2\/product_brand?post=34016"},{"taxonomy":"product_cat","embeddable":true,"href":"https:\/\/lightup.lv\/lt\/wp-json\/wp\/v2\/product_cat?post=34016"},{"taxonomy":"product_tag","embeddable":true,"href":"https:\/\/lightup.lv\/lt\/wp-json\/wp\/v2\/product_tag?post=34016"}],"curies":[{"name":"wp","href":"https:\/\/api.w.org\/{rel}","templated":true}]}}