{"id":34047,"date":"2024-07-10T09:57:26","date_gmt":"2024-07-10T07:57:26","guid":{"rendered":"https:\/\/lightup.lv\/?post_type=product&#038;p=34047"},"modified":"2026-04-11T11:43:16","modified_gmt":"2026-04-11T09:43:16","slug":"mentha-kresls","status":"publish","type":"product","link":"https:\/\/lightup.lv\/lt\/precu-katalogs\/mentha-kresls\/","title":{"rendered":"K\u0117d\u0117 MENTHA"},"content":{"rendered":"<p>K\u0117d\u0117s auk\u0161tis: 80 cm<br \/>\nK\u0117d\u0117s plotis: 50 cm<br \/>\nKr\u0113sla dzi\u013cums: 52 cm<br \/>\nS\u0117dyn\u0117s auk\u0161tis: 45 cm<br \/>\n<span class=\"HwtZe\" lang=\"lv\"><span class=\"jCAhz JxVs2d ChMk0b\"><span class=\"ryNqvb\">Korpuss: Re\u0123ener\u0113ts tehnopolim\u0113rs, PCR<\/span><\/span><\/span><br \/>\n<span class=\"HwtZe\" lang=\"lv\"><span class=\"jCAhz JxVs2d ChMk0b\"><span class=\"ryNqvb\">Kr\u0101su vari\u0101cijas: Za\u013ca, balta, b\u0113\u0161a, roz\u0101, pel\u0113ka<\/span><\/span><\/span><br \/>\n<span class=\"HwtZe\" lang=\"lv\"><span class=\"jCAhz JxVs2d ChMk0b\"><span class=\"ryNqvb\">Saliekams viens uz otra: J\u0101<\/span><\/span><\/span><br \/>\n<span class=\"HwtZe\" lang=\"lv\"><span class=\"jCAhz JxVs2d ChMk0b\"><span class=\"ryNqvb\">Lieto\u0161ana: Iek\u0161telp\u0101s\/\u0101r\u0101<\/span><\/span><\/span><\/p>\n<p>ID 2706<\/p>","protected":false},"excerpt":{"rendered":"<p><span class=\"HwtZe\" lang=\"lv\"><span class=\"jCAhz JxVs2d ChMk0b\"><span class=\"ryNqvb\">Videi draudz\u012bgs v\u0113sums un komforts.<\/span><\/span> <span class=\"jCAhz JxVs2d ChMk0b\"><span class=\"ryNqvb\">Pirm\u0101 Archirivolto sadarb\u012bba ar S-CAB ir vizu\u0101la atsauce uz dabas pasauli un t\u0101s harmoniskaj\u0101m un pievilc\u012bgaj\u0101m l\u012bnij\u0101m, kur\u0101s ekolo\u0123isk\u0101 t\u0113ma atrod savu sint\u0113zi viegli atpaz\u012bstam\u0101 form\u0101: k\u0101 lapa.<\/span><\/span> <span class=\"jCAhz JxVs2d ChMk0b\"><span class=\"ryNqvb\">Polster\u0113t\u0101 versija ir lieliski piem\u0113rota lieto\u0161anai iek\u0161telp\u0101s, savuk\u0101rt minim\u0101listisk\u0101 tehnopolim\u0113ra versija ir piem\u0113rota ar\u012b \u0101ra videi.<\/span><\/span><\/span><\/p>","protected":false},"featured_media":34048,"template":"","meta":{"_acf_changed":false},"product_brand":[],"product_cat":[28,38,51,213,50],"product_tag":[215],"class_list":{"0":"post-34047","1":"product","2":"type-product","3":"status-publish","4":"has-post-thumbnail","6":"product_cat-kresli","7":"product_cat-kresli-pie-galda","8":"product_cat-kresli-terases-mebeles","9":"product_cat-salona-pieejams","10":"product_cat-terases-mebeles","11":"product_tag-scab","13":"first","14":"instock","15":"shipping-taxable","16":"purchasable","17":"product-type-simple"},"acf":[],"_links":{"self":[{"href":"https:\/\/lightup.lv\/lt\/wp-json\/wp\/v2\/product\/34047","targetHints":{"allow":["GET"]}}],"collection":[{"href":"https:\/\/lightup.lv\/lt\/wp-json\/wp\/v2\/product"}],"about":[{"href":"https:\/\/lightup.lv\/lt\/wp-json\/wp\/v2\/types\/product"}],"wp:featuredmedia":[{"embeddable":true,"href":"https:\/\/lightup.lv\/lt\/wp-json\/wp\/v2\/media\/34048"}],"wp:attachment":[{"href":"https:\/\/lightup.lv\/lt\/wp-json\/wp\/v2\/media?parent=34047"}],"wp:term":[{"taxonomy":"product_brand","embeddable":true,"href":"https:\/\/lightup.lv\/lt\/wp-json\/wp\/v2\/product_brand?post=34047"},{"taxonomy":"product_cat","embeddable":true,"href":"https:\/\/lightup.lv\/lt\/wp-json\/wp\/v2\/product_cat?post=34047"},{"taxonomy":"product_tag","embeddable":true,"href":"https:\/\/lightup.lv\/lt\/wp-json\/wp\/v2\/product_tag?post=34047"}],"curies":[{"name":"wp","href":"https:\/\/api.w.org\/{rel}","templated":true}]}}