{"id":34088,"date":"2024-07-11T10:59:21","date_gmt":"2024-07-11T08:59:21","guid":{"rendered":"https:\/\/lightup.lv\/?post_type=product&#038;p=34088"},"modified":"2025-12-01T15:38:08","modified_gmt":"2025-12-01T13:38:08","slug":"sakura-iekarinama-lampa-ozolkoka","status":"publish","type":"product","link":"https:\/\/lightup.lv\/lt\/produktu-katalogas\/sakura-iekarinama-lampa-ozolkoka\/","title":{"rendered":"SAKURA iekarin\u0101ma lampa, ozolkoka"},"content":{"rendered":"<p>1 x 60W E27<br \/>\nApsauga: IP20<br \/>\n\u00d8: 33,5 cm<br \/>\nA: max 180 cm<br \/>\nMed\u017eiaga: metalas<span class=\"HwtZe\" lang=\"lv\"><span class=\"jCAhz JxVs2d ChMk0b\"><span class=\"ryNqvb\"> + koks<\/span><\/span><\/span><\/p>\n<p>ID P0547<\/p>","protected":false},"excerpt":{"rendered":"<p>\u201eMaxlight\u201c \u2013 tai daugiau nei de\u0161imties met\u0173 patirt\u012f turinti \u012fmon\u0117, si\u016blanti ap\u0161vietimo gaminius, kurie stebina ir \u012fkvepia dr\u0105siais dizainais ir begalin\u0117mis i\u0161d\u0117stymo galimyb\u0117mis. Si\u016blome \u012fvairi\u0173 stili\u0173 \u0161viestuvus, kurie tiks prie bet kokio dizaino.<\/p>","protected":false},"featured_media":34089,"template":"","meta":{"_acf_changed":false},"product_brand":[],"product_cat":[42,43,213],"product_tag":[44],"class_list":{"0":"post-34088","1":"product","2":"type-product","3":"status-publish","4":"has-post-thumbnail","6":"product_cat-apgaismojums","7":"product_cat-piekaramas-lustras","8":"product_cat-salona-pieejams","9":"product_tag-maxlight","11":"first","12":"instock","13":"shipping-taxable","14":"purchasable","15":"product-type-simple"},"acf":[],"_links":{"self":[{"href":"https:\/\/lightup.lv\/lt\/wp-json\/wp\/v2\/product\/34088","targetHints":{"allow":["GET"]}}],"collection":[{"href":"https:\/\/lightup.lv\/lt\/wp-json\/wp\/v2\/product"}],"about":[{"href":"https:\/\/lightup.lv\/lt\/wp-json\/wp\/v2\/types\/product"}],"wp:featuredmedia":[{"embeddable":true,"href":"https:\/\/lightup.lv\/lt\/wp-json\/wp\/v2\/media\/34089"}],"wp:attachment":[{"href":"https:\/\/lightup.lv\/lt\/wp-json\/wp\/v2\/media?parent=34088"}],"wp:term":[{"taxonomy":"product_brand","embeddable":true,"href":"https:\/\/lightup.lv\/lt\/wp-json\/wp\/v2\/product_brand?post=34088"},{"taxonomy":"product_cat","embeddable":true,"href":"https:\/\/lightup.lv\/lt\/wp-json\/wp\/v2\/product_cat?post=34088"},{"taxonomy":"product_tag","embeddable":true,"href":"https:\/\/lightup.lv\/lt\/wp-json\/wp\/v2\/product_tag?post=34088"}],"curies":[{"name":"wp","href":"https:\/\/api.w.org\/{rel}","templated":true}]}}