{"id":34818,"date":"2024-08-06T13:52:20","date_gmt":"2024-08-06T11:52:20","guid":{"rendered":"https:\/\/lightup.lv\/?post_type=product&#038;p=34818"},"modified":"2024-08-14T14:39:50","modified_gmt":"2024-08-14T12:39:50","slug":"loop-iekarinama-griestu-lampa","status":"publish","type":"product","link":"https:\/\/lightup.lv\/lt\/precu-katalogs\/loop-iekarinama-griestu-lampa\/","title":{"rendered":"LOOP pakabinamas lubinis \u0161viestuvas"},"content":{"rendered":"<p>26,5W, LED, 2800 lm, 2700K<br \/>\nP: 1300<br \/>\nA: 2000 max<br \/>\n\u00d8: 58 mm<br \/>\nSpalva: juoda<br \/>\nMateri\u0101ls: Optiskais stikls \/ Optiskais polimetilmetakril\u0101ts<\/p>\n<p>ID A4732010N<\/p>","protected":false},"excerpt":{"rendered":"<p>\u201eArkoslight\u201c kiekvien\u0105 dien\u0105 siekia pasi\u016blyti Jums geriausios \u012fmanomos kokyb\u0117s ap\u0161vietim\u0105. Produktai yra kruop\u0161\u010diai tiriami, juos kuriant naudojamos naujausios technologijos, o jiems b\u016bdingas puikus dizainas, atitinkantis auk\u0161\u010diausius kokyb\u0117s tikslus. \u0160viesa yra pagrindinis \u012fmon\u0117s elementas nuo 1984 m., kasdien \u0161viesinantis klient\u0173 gyvenim\u0105.<\/p>","protected":false},"featured_media":34819,"template":"","meta":{"_acf_changed":false},"product_brand":[],"product_cat":[42,43,213],"product_tag":[123],"class_list":{"0":"post-34818","1":"product","2":"type-product","3":"status-publish","4":"has-post-thumbnail","6":"product_cat-apgaismojums","7":"product_cat-piekaramas-lampas","8":"product_cat-salona-pieejams","9":"product_tag-arkoslight","11":"first","12":"instock","13":"featured","14":"shipping-taxable","15":"purchasable","16":"product-type-simple"},"acf":[],"_links":{"self":[{"href":"https:\/\/lightup.lv\/lt\/wp-json\/wp\/v2\/product\/34818","targetHints":{"allow":["GET"]}}],"collection":[{"href":"https:\/\/lightup.lv\/lt\/wp-json\/wp\/v2\/product"}],"about":[{"href":"https:\/\/lightup.lv\/lt\/wp-json\/wp\/v2\/types\/product"}],"wp:featuredmedia":[{"embeddable":true,"href":"https:\/\/lightup.lv\/lt\/wp-json\/wp\/v2\/media\/34819"}],"wp:attachment":[{"href":"https:\/\/lightup.lv\/lt\/wp-json\/wp\/v2\/media?parent=34818"}],"wp:term":[{"taxonomy":"product_brand","embeddable":true,"href":"https:\/\/lightup.lv\/lt\/wp-json\/wp\/v2\/product_brand?post=34818"},{"taxonomy":"product_cat","embeddable":true,"href":"https:\/\/lightup.lv\/lt\/wp-json\/wp\/v2\/product_cat?post=34818"},{"taxonomy":"product_tag","embeddable":true,"href":"https:\/\/lightup.lv\/lt\/wp-json\/wp\/v2\/product_tag?post=34818"}],"curies":[{"name":"wp","href":"https:\/\/api.w.org\/{rel}","templated":true}]}}