{"id":34855,"date":"2024-08-09T14:01:19","date_gmt":"2024-08-09T12:01:19","guid":{"rendered":"https:\/\/lightup.lv\/?post_type=product&#038;p=34855"},"modified":"2025-02-07T10:36:05","modified_gmt":"2025-02-07T08:36:05","slug":"lineara-magnetisko-sliezu-lampa-12w","status":"publish","type":"product","link":"https:\/\/lightup.lv\/lt\/produktu-katalogas\/lineara-magnetisko-sliezu-lampa-12w\/","title":{"rendered":"Linijinis magnetinis b\u0117ginis \u0161viestuvas, 12 W \u012eJUNGTA\/I\u0160JUNGTA"},"content":{"rendered":"<p>Integr\u0113ts LED, 12W, 666LM, 3000K<br \/>\nP: 25<br \/>\nG: 230<br \/>\nSpalva: juoda<br \/>\n\u012eJUNGTA\/I\u0160JUNGTA<br \/>\nTaip pat galima \u012fsigyti ZIGBEE versij\u0105 \u2013 galima reguliuoti \u0161viesos sraut\u0105 ir temperat\u016br\u0105<\/p>\n<p>ID M0004N<\/p>","protected":false},"excerpt":{"rendered":"<p>\u201eMaxlight\u201c \u2013 tai daugiau nei de\u0161imties met\u0173 patirt\u012f turinti \u012fmon\u0117, si\u016blanti ap\u0161vietimo gaminius, kurie stebina ir \u012fkvepia dr\u0105siais dizainais ir begalin\u0117mis i\u0161d\u0117stymo galimyb\u0117mis. Si\u016blome \u012fvairi\u0173 stili\u0173 \u0161viestuvus, kurie tiks prie bet kokio dizaino.<\/p>","protected":false},"featured_media":34856,"template":"","meta":{"_acf_changed":false},"product_brand":[],"product_cat":[42,217],"product_tag":[44],"class_list":{"0":"post-34855","1":"product","2":"type-product","3":"status-publish","4":"has-post-thumbnail","6":"product_cat-apgaismojums","7":"product_cat-magnetiskas-sliezu-sistemas-on-off","8":"product_tag-maxlight","10":"first","11":"instock","12":"shipping-taxable","13":"purchasable","14":"product-type-simple"},"acf":[],"_links":{"self":[{"href":"https:\/\/lightup.lv\/lt\/wp-json\/wp\/v2\/product\/34855","targetHints":{"allow":["GET"]}}],"collection":[{"href":"https:\/\/lightup.lv\/lt\/wp-json\/wp\/v2\/product"}],"about":[{"href":"https:\/\/lightup.lv\/lt\/wp-json\/wp\/v2\/types\/product"}],"wp:featuredmedia":[{"embeddable":true,"href":"https:\/\/lightup.lv\/lt\/wp-json\/wp\/v2\/media\/34856"}],"wp:attachment":[{"href":"https:\/\/lightup.lv\/lt\/wp-json\/wp\/v2\/media?parent=34855"}],"wp:term":[{"taxonomy":"product_brand","embeddable":true,"href":"https:\/\/lightup.lv\/lt\/wp-json\/wp\/v2\/product_brand?post=34855"},{"taxonomy":"product_cat","embeddable":true,"href":"https:\/\/lightup.lv\/lt\/wp-json\/wp\/v2\/product_cat?post=34855"},{"taxonomy":"product_tag","embeddable":true,"href":"https:\/\/lightup.lv\/lt\/wp-json\/wp\/v2\/product_tag?post=34855"}],"curies":[{"name":"wp","href":"https:\/\/api.w.org\/{rel}","templated":true}]}}